{"id":148,"date":"2023-07-24T02:01:45","date_gmt":"2023-07-24T09:01:45","guid":{"rendered":"https:\/\/vanessascleanings.com\/?page_id=148"},"modified":"2023-10-03T15:22:54","modified_gmt":"2023-10-03T22:22:54","slug":"full-service-cleaning-and-sanitizing","status":"publish","type":"page","link":"https:\/\/vanessascleanings.com\/es\/services\/full-service-cleaning-and-sanitizing\/","title":{"rendered":"Servicio Completo de Limpieza y Desinfecci\u00f3n."},"content":{"rendered":"<div class=\"bde-globalblock-148-125 bde-globalblock\">\n<section class=\"bde-section-481-100-481-1 bde-section bde-section-481-100\">\n  \n  \n\t\n\n\n\n<div class=\"section-container\"><div class=\"bde-image-481-101-481-1 bde-image bde-image-481-101\">\n<figure class=\"breakdance-image breakdance-image--427\">\n\t<div class=\"breakdance-image-container\">\n\t\t<div class=\"breakdance-image-clip\"><img class=\"breakdance-image-object\" src=\"https:\/\/vanessascleanings.com\/wp-content\/uploads\/2023\/07\/BBB-2.png\" width=\"1384\" height=\"430\" srcset=\"https:\/\/vanessascleanings.com\/wp-content\/uploads\/2023\/07\/BBB-2.png 1384w, https:\/\/vanessascleanings.com\/wp-content\/uploads\/2023\/07\/BBB-2-300x93.png 300w, https:\/\/vanessascleanings.com\/wp-content\/uploads\/2023\/07\/BBB-2-1024x318.png 1024w, https:\/\/vanessascleanings.com\/wp-content\/uploads\/2023\/07\/BBB-2-768x239.png 768w\" sizes=\"(max-width: 1384px) 100vw, 1384px\" loading=\"lazy\"><\/div>\n\t<\/div><\/figure>\n\n<\/div><\/div>\n<\/section>\n<\/div><section id=\"topHeaderBar\" class=\"bde-section-148-100 bde-section\">\n  \n  \n\t\n\n\n\n<div class=\"section-container\"><div class=\"bde-div-148-101 bde-div\" data-entrance=\"fade\">\n              \n  \n  \n\t\n\n\n\n<h1 class=\"bde-heading-148-102 bde-heading\">\nServicio Completo de Limpieza y Desinfecci\u00f3n.\n<\/h1>\n<\/div><\/div>\n<\/section><section class=\"bde-section-148-104 bde-section\">\n  \n  \n\t\n\n\n\n<div class=\"section-container\"><div class=\"bde-columns-148-105 bde-columns\"><div class=\"bde-column-148-106 bde-column\">\n  \n  \n\t\n\n\n\n<div class=\"bde-rich-text-148-108 bde-rich-text breakdance-rich-text-styles\" data-entrance=\"fade\">\n<p>Vanessa's Cleaning Services se enorgullece de ofrecer una soluci\u00f3n integral y meticulosa de servicio completo de limpieza y desinfecci\u00f3n que deja su espacio impecablemente limpio y libre de g\u00e9rmenes. Nuestro equipo de profesionales dedicados est\u00e1 equipado con la experiencia y el equipo de \u00faltima generaci\u00f3n para manejar todos los aspectos de la limpieza, desde quitar el polvo de rutina hasta la limpieza profunda y la desinfecci\u00f3n de superficies. Entendemos la importancia de un entorno limpio y saludable, y nuestro objetivo es brindar tranquilidad a nuestros valiosos clientes garantizando que sus espacios sean seguros para todos.<\/p>\n<\/div>\n<\/div><div class=\"bde-column-148-107 bde-column\">\n  \n  \n\t\n\n\n\n<div class=\"bde-image-148-109 bde-image\">\n<figure class=\"breakdance-image breakdance-image--375\">\n\t<div class=\"breakdance-image-container\">\n\t\t<div class=\"breakdance-image-clip\"><img class=\"breakdance-image-object\" src=\"https:\/\/vanessascleanings.com\/wp-content\/uploads\/2023\/08\/Employees-5-Cropped.jpg\" width=\"1080\" height=\"810\" srcset=\"https:\/\/vanessascleanings.com\/wp-content\/uploads\/2023\/08\/Employees-5-Cropped.jpg 1080w, https:\/\/vanessascleanings.com\/wp-content\/uploads\/2023\/08\/Employees-5-Cropped-300x225.jpg 300w, https:\/\/vanessascleanings.com\/wp-content\/uploads\/2023\/08\/Employees-5-Cropped-1024x768.jpg 1024w, https:\/\/vanessascleanings.com\/wp-content\/uploads\/2023\/08\/Employees-5-Cropped-768x576.jpg 768w\" sizes=\"(max-width: 1080px) 100vw, 1080px\" loading=\"lazy\"><\/div>\n\t<\/div><\/figure>\n\n<\/div>\n<\/div><\/div><div class=\"bde-columns-148-110 bde-columns\"><div class=\"bde-column-148-111 bde-column\">\n  \n  \n\t\n\n\n\n<div class=\"bde-image-148-114 bde-image\">\n<figure class=\"breakdance-image breakdance-image--378\">\n\t<div class=\"breakdance-image-container\">\n\t\t<div class=\"breakdance-image-clip\"><img class=\"breakdance-image-object\" src=\"https:\/\/vanessascleanings.com\/wp-content\/uploads\/2023\/08\/Employees-7-C.jpg\" width=\"1080\" height=\"810\" srcset=\"https:\/\/vanessascleanings.com\/wp-content\/uploads\/2023\/08\/Employees-7-C.jpg 1080w, https:\/\/vanessascleanings.com\/wp-content\/uploads\/2023\/08\/Employees-7-C-300x225.jpg 300w, https:\/\/vanessascleanings.com\/wp-content\/uploads\/2023\/08\/Employees-7-C-1024x768.jpg 1024w, https:\/\/vanessascleanings.com\/wp-content\/uploads\/2023\/08\/Employees-7-C-768x576.jpg 768w\" sizes=\"(max-width: 1080px) 100vw, 1080px\" loading=\"lazy\"><\/div>\n\t<\/div><\/figure>\n\n<\/div>\n<\/div><div class=\"bde-column-148-113 bde-column\">\n  \n  \n\t\n\n\n\n<div class=\"bde-rich-text-148-112 bde-rich-text breakdance-rich-text-styles\" data-entrance=\"fade\">\n<p>Cuando elige nuestro paquete de servicio completo de limpieza y desinfecci\u00f3n, no puede esperar menos que la perfecci\u00f3n. Prestamos atenci\u00f3n a cada detalle, sin dejar ning\u00fan rinc\u00f3n sin tocar. Nuestros productos de limpieza ecol\u00f3gicos y no t\u00f3xicos garantizan que su espacio no solo est\u00e9 impecable sino tambi\u00e9n seguro para su familia, empleados e invitados. Nuestro servicio integral cubre propiedades residenciales y comerciales, asegurando que su hogar o lugar de trabajo mantenga un ambiente fresco e higi\u00e9nico durante todo el a\u00f1o.<\/p>\n<\/div>\n<\/div><\/div><\/div>\n<\/section><div class=\"bde-globalblock-148-115 bde-globalblock\">\n<section class=\"bde-section-239-100-239-1 bde-section bde-section-239-100\">\n  \n  \n\t\n\n\n\n<div class=\"section-container\"><div class=\"bde-gallery-239-101-239-1 bde-gallery bde-gallery-239-101\">\n\n\n\n\n\n\n\n\n\n\n\n\n\n<div class=\"ee-gallery ee-gallery--isotope ee-gallery--justified ee-gallery-- ee-gallery--lightbox ee-gallery--zoom-in ee-gallery--caption- ee-gallery--caption-none ee-gallery--ratio\">\n                  \n      <a class=\"ee-gallery-item ee-gallery-item--image ee-gallery-item--single\" href=\"https:\/\/vanessascleanings.com\/wp-content\/uploads\/2023\/08\/Employees-1.jpg\"  data-sub-html=\"<span><\/span>\" data-category=\"1\"                  data-lg-size=\"810-1080\"\n\n      >\n        <figure class=\"ee-gallery-item-figure\">\n                        <img class=\"breakdance-image-object\" src=\"https:\/\/vanessascleanings.com\/wp-content\/uploads\/2023\/08\/Employees-1.jpg\" width=\"810\" height=\"1080\" srcset=\"https:\/\/vanessascleanings.com\/wp-content\/uploads\/2023\/08\/Employees-1.jpg 810w, https:\/\/vanessascleanings.com\/wp-content\/uploads\/2023\/08\/Employees-1-225x300.jpg 225w, https:\/\/vanessascleanings.com\/wp-content\/uploads\/2023\/08\/Employees-1-768x1024.jpg 768w\" sizes=\"(max-width: 810px) 100vw, 810px\" loading=\"lazy\">\n          \n                  <\/figure>\n      <\/a>\n\n                \n      <a class=\"ee-gallery-item ee-gallery-item--image ee-gallery-item--single\" href=\"https:\/\/vanessascleanings.com\/wp-content\/uploads\/2023\/08\/Employees-2.jpg\"  data-sub-html=\"<span><\/span>\" data-category=\"1\"                  data-lg-size=\"1074-1432\"\n\n      >\n        <figure class=\"ee-gallery-item-figure\">\n                        <img class=\"breakdance-image-object\" src=\"https:\/\/vanessascleanings.com\/wp-content\/uploads\/2023\/08\/Employees-2.jpg\" width=\"1074\" height=\"1432\" srcset=\"https:\/\/vanessascleanings.com\/wp-content\/uploads\/2023\/08\/Employees-2.jpg 1074w, https:\/\/vanessascleanings.com\/wp-content\/uploads\/2023\/08\/Employees-2-225x300.jpg 225w, https:\/\/vanessascleanings.com\/wp-content\/uploads\/2023\/08\/Employees-2-768x1024.jpg 768w\" sizes=\"(max-width: 1074px) 100vw, 1074px\" loading=\"lazy\">\n          \n                  <\/figure>\n      <\/a>\n\n                \n      <a class=\"ee-gallery-item ee-gallery-item--image ee-gallery-item--single\" href=\"https:\/\/vanessascleanings.com\/wp-content\/uploads\/2023\/08\/Employees-3.jpg\"  data-sub-html=\"<span><\/span>\" data-category=\"1\"                  data-lg-size=\"1062-1416\"\n\n      >\n        <figure class=\"ee-gallery-item-figure\">\n                        <img class=\"breakdance-image-object\" src=\"https:\/\/vanessascleanings.com\/wp-content\/uploads\/2023\/08\/Employees-3.jpg\" width=\"1062\" height=\"1416\" srcset=\"https:\/\/vanessascleanings.com\/wp-content\/uploads\/2023\/08\/Employees-3.jpg 1062w, https:\/\/vanessascleanings.com\/wp-content\/uploads\/2023\/08\/Employees-3-225x300.jpg 225w, https:\/\/vanessascleanings.com\/wp-content\/uploads\/2023\/08\/Employees-3-768x1024.jpg 768w\" sizes=\"(max-width: 1062px) 100vw, 1062px\" loading=\"lazy\">\n          \n                  <\/figure>\n      <\/a>\n\n                \n      <a class=\"ee-gallery-item ee-gallery-item--image ee-gallery-item--single\" href=\"https:\/\/vanessascleanings.com\/wp-content\/uploads\/2023\/08\/Employees-4.jpg\"  data-sub-html=\"<span><\/span>\" data-category=\"1\"                  data-lg-size=\"978-1304\"\n\n      >\n        <figure class=\"ee-gallery-item-figure\">\n                        <img class=\"breakdance-image-object\" src=\"https:\/\/vanessascleanings.com\/wp-content\/uploads\/2023\/08\/Employees-4.jpg\" width=\"978\" height=\"1304\" srcset=\"https:\/\/vanessascleanings.com\/wp-content\/uploads\/2023\/08\/Employees-4.jpg 978w, https:\/\/vanessascleanings.com\/wp-content\/uploads\/2023\/08\/Employees-4-225x300.jpg 225w, https:\/\/vanessascleanings.com\/wp-content\/uploads\/2023\/08\/Employees-4-768x1024.jpg 768w\" sizes=\"(max-width: 978px) 100vw, 978px\" loading=\"lazy\">\n          \n                  <\/figure>\n      <\/a>\n\n                \n      <a class=\"ee-gallery-item ee-gallery-item--image ee-gallery-item--single\" href=\"https:\/\/vanessascleanings.com\/wp-content\/uploads\/2023\/08\/Employees-5.jpg\"  data-sub-html=\"<span><\/span>\" data-category=\"1\"                  data-lg-size=\"1080-1440\"\n\n      >\n        <figure class=\"ee-gallery-item-figure\">\n                        <img class=\"breakdance-image-object\" src=\"https:\/\/vanessascleanings.com\/wp-content\/uploads\/2023\/08\/Employees-5.jpg\" width=\"1080\" height=\"1440\" srcset=\"https:\/\/vanessascleanings.com\/wp-content\/uploads\/2023\/08\/Employees-5.jpg 1080w, https:\/\/vanessascleanings.com\/wp-content\/uploads\/2023\/08\/Employees-5-225x300.jpg 225w, https:\/\/vanessascleanings.com\/wp-content\/uploads\/2023\/08\/Employees-5-768x1024.jpg 768w\" sizes=\"(max-width: 1080px) 100vw, 1080px\" loading=\"lazy\">\n          \n                  <\/figure>\n      <\/a>\n\n                \n      <a class=\"ee-gallery-item ee-gallery-item--image ee-gallery-item--single\" href=\"https:\/\/vanessascleanings.com\/wp-content\/uploads\/2023\/08\/Employees-6.jpg\"  data-sub-html=\"<span><\/span>\" data-category=\"1\"                  data-lg-size=\"810-1080\"\n\n      >\n        <figure class=\"ee-gallery-item-figure\">\n                        <img class=\"breakdance-image-object\" src=\"https:\/\/vanessascleanings.com\/wp-content\/uploads\/2023\/08\/Employees-6.jpg\" width=\"810\" height=\"1080\" srcset=\"https:\/\/vanessascleanings.com\/wp-content\/uploads\/2023\/08\/Employees-6.jpg 810w, https:\/\/vanessascleanings.com\/wp-content\/uploads\/2023\/08\/Employees-6-225x300.jpg 225w, https:\/\/vanessascleanings.com\/wp-content\/uploads\/2023\/08\/Employees-6-768x1024.jpg 768w\" sizes=\"(max-width: 810px) 100vw, 810px\" loading=\"lazy\">\n          \n                  <\/figure>\n      <\/a>\n\n                \n      <a class=\"ee-gallery-item ee-gallery-item--image ee-gallery-item--single\" href=\"https:\/\/vanessascleanings.com\/wp-content\/uploads\/2023\/08\/Employees-7.jpg\"  data-sub-html=\"<span><\/span>\" data-category=\"1\"                  data-lg-size=\"1080-1440\"\n\n      >\n        <figure class=\"ee-gallery-item-figure\">\n                        <img class=\"breakdance-image-object\" src=\"https:\/\/vanessascleanings.com\/wp-content\/uploads\/2023\/08\/Employees-7.jpg\" width=\"1080\" height=\"1440\" srcset=\"https:\/\/vanessascleanings.com\/wp-content\/uploads\/2023\/08\/Employees-7.jpg 1080w, https:\/\/vanessascleanings.com\/wp-content\/uploads\/2023\/08\/Employees-7-225x300.jpg 225w, https:\/\/vanessascleanings.com\/wp-content\/uploads\/2023\/08\/Employees-7-768x1024.jpg 768w\" sizes=\"(max-width: 1080px) 100vw, 1080px\" loading=\"lazy\">\n          \n                  <\/figure>\n      <\/a>\n\n                \n      <a class=\"ee-gallery-item ee-gallery-item--image ee-gallery-item--single\" href=\"https:\/\/vanessascleanings.com\/wp-content\/uploads\/2023\/08\/Employees-8.jpg\"  data-sub-html=\"<span><\/span>\" data-category=\"1\"                  data-lg-size=\"921-1228\"\n\n      >\n        <figure class=\"ee-gallery-item-figure\">\n                        <img class=\"breakdance-image-object\" src=\"https:\/\/vanessascleanings.com\/wp-content\/uploads\/2023\/08\/Employees-8.jpg\" width=\"921\" height=\"1228\" srcset=\"https:\/\/vanessascleanings.com\/wp-content\/uploads\/2023\/08\/Employees-8.jpg 921w, https:\/\/vanessascleanings.com\/wp-content\/uploads\/2023\/08\/Employees-8-225x300.jpg 225w, https:\/\/vanessascleanings.com\/wp-content\/uploads\/2023\/08\/Employees-8-768x1024.jpg 768w\" sizes=\"(max-width: 921px) 100vw, 921px\" loading=\"lazy\">\n          \n                  <\/figure>\n      <\/a>\n\n                \n      <a class=\"ee-gallery-item ee-gallery-item--image ee-gallery-item--single\" href=\"https:\/\/vanessascleanings.com\/wp-content\/uploads\/2023\/07\/BA-2-2.jpg\"  data-sub-html=\"<span><\/span>\" data-category=\"1\"                  data-lg-size=\"1080-1440\"\n\n      >\n        <figure class=\"ee-gallery-item-figure\">\n                        <img class=\"breakdance-image-object\" src=\"https:\/\/vanessascleanings.com\/wp-content\/uploads\/2023\/07\/BA-2-2.jpg\" width=\"1080\" height=\"1440\" srcset=\"https:\/\/vanessascleanings.com\/wp-content\/uploads\/2023\/07\/BA-2-2.jpg 1080w, https:\/\/vanessascleanings.com\/wp-content\/uploads\/2023\/07\/BA-2-2-225x300.jpg 225w, https:\/\/vanessascleanings.com\/wp-content\/uploads\/2023\/07\/BA-2-2-768x1024.jpg 768w\" sizes=\"(max-width: 1080px) 100vw, 1080px\" loading=\"lazy\">\n          \n                  <\/figure>\n      <\/a>\n\n                \n      <a class=\"ee-gallery-item ee-gallery-item--image ee-gallery-item--single\" href=\"https:\/\/vanessascleanings.com\/wp-content\/uploads\/2023\/07\/BA-1-2.jpg\"  data-sub-html=\"<span><\/span>\" data-category=\"1\"                  data-lg-size=\"1048-1404\"\n\n      >\n        <figure class=\"ee-gallery-item-figure\">\n                        <img class=\"breakdance-image-object\" src=\"https:\/\/vanessascleanings.com\/wp-content\/uploads\/2023\/07\/BA-1-2.jpg\" width=\"1048\" height=\"1404\" srcset=\"https:\/\/vanessascleanings.com\/wp-content\/uploads\/2023\/07\/BA-1-2.jpg 1048w, https:\/\/vanessascleanings.com\/wp-content\/uploads\/2023\/07\/BA-1-2-224x300.jpg 224w, https:\/\/vanessascleanings.com\/wp-content\/uploads\/2023\/07\/BA-1-2-764x1024.jpg 764w, https:\/\/vanessascleanings.com\/wp-content\/uploads\/2023\/07\/BA-1-2-768x1029.jpg 768w\" sizes=\"(max-width: 1048px) 100vw, 1048px\" loading=\"lazy\">\n          \n                  <\/figure>\n      <\/a>\n\n                \n      <a class=\"ee-gallery-item ee-gallery-item--image ee-gallery-item--single\" href=\"https:\/\/vanessascleanings.com\/wp-content\/uploads\/2023\/07\/Image-1.jpg\"  data-sub-html=\"<span><\/span>\" data-category=\"1\"                  data-lg-size=\"1440-1080\"\n\n      >\n        <figure class=\"ee-gallery-item-figure\">\n                        <img class=\"breakdance-image-object\" src=\"https:\/\/vanessascleanings.com\/wp-content\/uploads\/2023\/07\/Image-1.jpg\" width=\"1440\" height=\"1080\" srcset=\"https:\/\/vanessascleanings.com\/wp-content\/uploads\/2023\/07\/Image-1.jpg 1440w, https:\/\/vanessascleanings.com\/wp-content\/uploads\/2023\/07\/Image-1-300x225.jpg 300w, https:\/\/vanessascleanings.com\/wp-content\/uploads\/2023\/07\/Image-1-1024x768.jpg 1024w, https:\/\/vanessascleanings.com\/wp-content\/uploads\/2023\/07\/Image-1-768x576.jpg 768w\" sizes=\"(max-width: 1440px) 100vw, 1440px\" loading=\"lazy\">\n          \n                  <\/figure>\n      <\/a>\n\n                \n      <a class=\"ee-gallery-item ee-gallery-item--image ee-gallery-item--single\" href=\"https:\/\/vanessascleanings.com\/wp-content\/uploads\/2023\/07\/Image-2.jpg\"  data-sub-html=\"<span><\/span>\" data-category=\"1\"                  data-lg-size=\"1080-1440\"\n\n      >\n        <figure class=\"ee-gallery-item-figure\">\n                        <img class=\"breakdance-image-object\" src=\"https:\/\/vanessascleanings.com\/wp-content\/uploads\/2023\/07\/Image-2.jpg\" width=\"1080\" height=\"1440\" srcset=\"https:\/\/vanessascleanings.com\/wp-content\/uploads\/2023\/07\/Image-2.jpg 1080w, https:\/\/vanessascleanings.com\/wp-content\/uploads\/2023\/07\/Image-2-225x300.jpg 225w, https:\/\/vanessascleanings.com\/wp-content\/uploads\/2023\/07\/Image-2-768x1024.jpg 768w\" sizes=\"(max-width: 1080px) 100vw, 1080px\" loading=\"lazy\">\n          \n                  <\/figure>\n      <\/a>\n\n                \n      <a class=\"ee-gallery-item ee-gallery-item--image ee-gallery-item--single\" href=\"https:\/\/vanessascleanings.com\/wp-content\/uploads\/2023\/07\/Image-3.jpg\"  data-sub-html=\"<span><\/span>\" data-category=\"1\"                  data-lg-size=\"1080-1440\"\n\n      >\n        <figure class=\"ee-gallery-item-figure\">\n                        <img class=\"breakdance-image-object\" src=\"https:\/\/vanessascleanings.com\/wp-content\/uploads\/2023\/07\/Image-3.jpg\" width=\"1080\" height=\"1440\" srcset=\"https:\/\/vanessascleanings.com\/wp-content\/uploads\/2023\/07\/Image-3.jpg 1080w, https:\/\/vanessascleanings.com\/wp-content\/uploads\/2023\/07\/Image-3-225x300.jpg 225w, https:\/\/vanessascleanings.com\/wp-content\/uploads\/2023\/07\/Image-3-768x1024.jpg 768w\" sizes=\"(max-width: 1080px) 100vw, 1080px\" loading=\"lazy\">\n          \n                  <\/figure>\n      <\/a>\n\n                \n      <a class=\"ee-gallery-item ee-gallery-item--image ee-gallery-item--single\" href=\"https:\/\/vanessascleanings.com\/wp-content\/uploads\/2023\/07\/Image-4.jpg\"  data-sub-html=\"<span><\/span>\" data-category=\"1\"                  data-lg-size=\"1080-1440\"\n\n      >\n        <figure class=\"ee-gallery-item-figure\">\n                        <img class=\"breakdance-image-object\" src=\"https:\/\/vanessascleanings.com\/wp-content\/uploads\/2023\/07\/Image-4.jpg\" width=\"1080\" height=\"1440\" srcset=\"https:\/\/vanessascleanings.com\/wp-content\/uploads\/2023\/07\/Image-4.jpg 1080w, https:\/\/vanessascleanings.com\/wp-content\/uploads\/2023\/07\/Image-4-225x300.jpg 225w, https:\/\/vanessascleanings.com\/wp-content\/uploads\/2023\/07\/Image-4-768x1024.jpg 768w\" sizes=\"(max-width: 1080px) 100vw, 1080px\" loading=\"lazy\">\n          \n                  <\/figure>\n      <\/a>\n\n                \n      <a class=\"ee-gallery-item ee-gallery-item--image ee-gallery-item--single\" href=\"https:\/\/vanessascleanings.com\/wp-content\/uploads\/2023\/07\/Image-5.jpg\"  data-sub-html=\"<span><\/span>\" data-category=\"1\"                  data-lg-size=\"1080-1440\"\n\n      >\n        <figure class=\"ee-gallery-item-figure\">\n                        <img class=\"breakdance-image-object\" src=\"https:\/\/vanessascleanings.com\/wp-content\/uploads\/2023\/07\/Image-5.jpg\" width=\"1080\" height=\"1440\" srcset=\"https:\/\/vanessascleanings.com\/wp-content\/uploads\/2023\/07\/Image-5.jpg 1080w, https:\/\/vanessascleanings.com\/wp-content\/uploads\/2023\/07\/Image-5-225x300.jpg 225w, https:\/\/vanessascleanings.com\/wp-content\/uploads\/2023\/07\/Image-5-768x1024.jpg 768w\" sizes=\"(max-width: 1080px) 100vw, 1080px\" loading=\"lazy\">\n          \n                  <\/figure>\n      <\/a>\n\n                \n      <a class=\"ee-gallery-item ee-gallery-item--image ee-gallery-item--single\" href=\"https:\/\/vanessascleanings.com\/wp-content\/uploads\/2023\/07\/Image-6.jpg\"  data-sub-html=\"<span><\/span>\" data-category=\"1\"                  data-lg-size=\"825-1100\"\n\n      >\n        <figure class=\"ee-gallery-item-figure\">\n                        <img class=\"breakdance-image-object\" src=\"https:\/\/vanessascleanings.com\/wp-content\/uploads\/2023\/07\/Image-6.jpg\" width=\"825\" height=\"1100\" srcset=\"https:\/\/vanessascleanings.com\/wp-content\/uploads\/2023\/07\/Image-6.jpg 825w, https:\/\/vanessascleanings.com\/wp-content\/uploads\/2023\/07\/Image-6-225x300.jpg 225w, https:\/\/vanessascleanings.com\/wp-content\/uploads\/2023\/07\/Image-6-768x1024.jpg 768w\" sizes=\"(max-width: 825px) 100vw, 825px\" loading=\"lazy\">\n          \n                  <\/figure>\n      <\/a>\n\n      \n      <div class=\"ee-gallery-gutter\"><\/div>\n  <\/div>\n\n\n\n<\/div><\/div>\n<\/section>\n<\/div><div class=\"bde-globalblock-148-124 bde-globalblock\">\n<section class=\"bde-section-117-100-117-1 bde-section bde-section-117-100\">\n  \n  \n\t\n\n\n\n<div class=\"section-container\"><div class=\"bde-columns-117-101-117-1 bde-columns bde-columns-117-101\"><div class=\"bde-column-117-102-117-1 bde-column bde-column-117-102\">\n  \n  \n\t\n\n\n\n<h2 class=\"bde-heading-117-103-117-1 bde-heading bde-heading-117-103\">\n\u00bfPor qu\u00e9 nosotros?\n<\/h2>\n<\/div><div class=\"bde-column-117-104-117-1 bde-column bde-column-117-104\">\n  \n  \n\t\n\n\n\n<div class=\"bde-div-117-105-117-1 bde-div bde-div-117-105\">\n  \n  \n\t\n\n\n\n<h4 class=\"bde-heading-117-106-117-1 bde-heading bde-heading-117-106\">\nExperiencia en Limpieza Ecol\u00f3gica\n<\/h4><div class=\"bde-rich-text-117-107-117-1 bde-rich-text bde-rich-text-117-107 breakdance-rich-text-styles\">\n<p>Con m\u00e1s de una d\u00e9cada de experiencia y especializaci\u00f3n en pr\u00e1cticas ecol\u00f3gicas, Vanessa's Cleaning Services garantiza una limpieza de alta calidad que sea segura para usted, nuestros empleados y el planeta.<\/p>\n<\/div>\n<\/div><div class=\"bde-div-117-108-117-1 bde-div bde-div-117-108\">\n  \n  \n\t\n\n\n\n<h4 class=\"bde-heading-117-109-117-1 bde-heading bde-heading-117-109\">\n\u00c1mplia Gama de Servicios\n<\/h4><div class=\"bde-rich-text-117-110-117-1 bde-rich-text bde-rich-text-117-110 breakdance-rich-text-styles\">\n<p>Desde limpieza regular de oficinas hasta limpieza posterior a la construcci\u00f3n y m\u00e1s, ofrecemos una amplia gama de servicios para satisfacer sus necesidades \u00fanicas, lo que nos convierte en su soluci\u00f3n integral para todos los requisitos de limpieza.<\/p>\n<\/div>\n<\/div><div class=\"bde-div-117-111-117-1 bde-div bde-div-117-111\">\n  \n  \n\t\n\n\n\n<h4 class=\"bde-heading-117-112-117-1 bde-heading bde-heading-117-112\">\nAtenci\u00f3n al Detalle y Satisfacci\u00f3n del Cliente\n<\/h4><div class=\"bde-rich-text-117-113-117-1 bde-rich-text bde-rich-text-117-113 breakdance-rich-text-styles\">\n<p>Nuestro enfoque meticuloso y nuestro enfoque centrado en el cliente significan que no se pasa por alto ning\u00fan detalle. Puede esperar resultados excepcionales y atenci\u00f3n personalizada que priorice su satisfacci\u00f3n por encima de todo.<\/p>\n<\/div>\n<\/div>\n<\/div><\/div><\/div>\n<\/section>\n<\/div><div class=\"bde-globalblock-148-123 bde-globalblock\">\n<section class=\"bde-section-186-100-186-1 bde-section bde-section-186-100\">\n  \n  \n\t\n\n\n\n<div class=\"section-container\"><div class=\"bde-div-186-101-186-1 bde-div bde-div-186-101\">\n  \n  \n\t\n\n\n\n<h2 class=\"bde-heading-186-102-186-1 bde-heading bde-heading-186-102\">\nObt\u00e9n un Presupuesto de Limpieza Personalizado\n<\/h2><div class=\"bde-text-186-103-186-1 bde-text bde-text-186-103\">\nPerm\u00edtanos dise\u00f1ar un estimado personalizado que se ajuste a sus necesidades y presupuesto.<br>Sin presiones, ni obligaciones - simplemente d\u00e9 hoy mismo el primer paso hacia un espacio m\u00e1s limpio y feliz.\n<\/div><div class=\"bde-button-186-104-186-1 bde-button bde-button-186-104\">\n    \n                                    \n    \n    \n    \n    \n            \n                    \n            \n            \n\n    \n    \n    \n    \n    \n    <a class=\"breakdance-link button-atom button-atom--secondary bde-button__button\" href=\"\/es\/estimate\/\" target=\"_self\" data-type=\"url\"  >\n\n    \n        <span class=\"button-atom__text\">Solicita un Presupuesto Ahora<\/span>\n\n        \n        \n                <\/a>\n\n    \n\n\n<\/div>\n<\/div><\/div>\n<\/section>\n<\/div>","protected":false},"excerpt":{"rendered":"<p>Full Service Cleaning and Sanitizing Vanessa&#8217;s Cleaning Services takes pride in offering a comprehensive and meticulous Full Service Cleaning and Sanitizing solution that leaves your space impeccably clean and germ-free. Our team of dedicated professionals is equipped with the expertise and state-of-the-art equipment to handle all aspects of cleaning, from routine dusting to deep cleaning [&hellip;]<\/p>","protected":false},"author":1,"featured_media":0,"parent":55,"menu_order":0,"comment_status":"closed","ping_status":"closed","template":"","meta":{"footnotes":"","_breakdance_hide_in_design_set":false,"_breakdance_tags":""},"_links":{"self":[{"href":"https:\/\/vanessascleanings.com\/es\/wp-json\/wp\/v2\/pages\/148"}],"collection":[{"href":"https:\/\/vanessascleanings.com\/es\/wp-json\/wp\/v2\/pages"}],"about":[{"href":"https:\/\/vanessascleanings.com\/es\/wp-json\/wp\/v2\/types\/page"}],"author":[{"embeddable":true,"href":"https:\/\/vanessascleanings.com\/es\/wp-json\/wp\/v2\/users\/1"}],"replies":[{"embeddable":true,"href":"https:\/\/vanessascleanings.com\/es\/wp-json\/wp\/v2\/comments?post=148"}],"version-history":[{"count":18,"href":"https:\/\/vanessascleanings.com\/es\/wp-json\/wp\/v2\/pages\/148\/revisions"}],"predecessor-version":[{"id":489,"href":"https:\/\/vanessascleanings.com\/es\/wp-json\/wp\/v2\/pages\/148\/revisions\/489"}],"up":[{"embeddable":true,"href":"https:\/\/vanessascleanings.com\/es\/wp-json\/wp\/v2\/pages\/55"}],"wp:attachment":[{"href":"https:\/\/vanessascleanings.com\/es\/wp-json\/wp\/v2\/media?parent=148"}],"curies":[{"name":"wp","href":"https:\/\/api.w.org\/{rel}","templated":true}]}}