{"id":162,"date":"2023-07-24T02:03:26","date_gmt":"2023-07-24T09:03:26","guid":{"rendered":"https:\/\/vanessascleanings.com\/?page_id=162"},"modified":"2023-10-03T15:22:23","modified_gmt":"2023-10-03T22:22:23","slug":"day-porter-services","status":"publish","type":"page","link":"https:\/\/vanessascleanings.com\/es\/services\/day-porter-services\/","title":{"rendered":"Servicios de Day Porter"},"content":{"rendered":"<div class=\"bde-globalblock-162-138 bde-globalblock\">\n<section class=\"bde-section-481-100-481-1 bde-section bde-section-481-100\">\n  \n  \n\t\n\n\n\n<div class=\"section-container\"><div class=\"bde-image-481-101-481-1 bde-image bde-image-481-101\">\n<figure class=\"breakdance-image breakdance-image--427\">\n\t<div class=\"breakdance-image-container\">\n\t\t<div class=\"breakdance-image-clip\"><img class=\"breakdance-image-object\" src=\"https:\/\/vanessascleanings.com\/wp-content\/uploads\/2023\/07\/BBB-2.png\" width=\"1384\" height=\"430\" srcset=\"https:\/\/vanessascleanings.com\/wp-content\/uploads\/2023\/07\/BBB-2.png 1384w, https:\/\/vanessascleanings.com\/wp-content\/uploads\/2023\/07\/BBB-2-300x93.png 300w, https:\/\/vanessascleanings.com\/wp-content\/uploads\/2023\/07\/BBB-2-1024x318.png 1024w, https:\/\/vanessascleanings.com\/wp-content\/uploads\/2023\/07\/BBB-2-768x239.png 768w\" sizes=\"(max-width: 1384px) 100vw, 1384px\" loading=\"lazy\"><\/div>\n\t<\/div><\/figure>\n\n<\/div><\/div>\n<\/section>\n<\/div><section id=\"topHeaderBar\" class=\"bde-section-162-100 bde-section\">\n  \n  \n\t\n\n\n\n<div class=\"section-container\"><div class=\"bde-div-162-101 bde-div\" data-entrance=\"fade\">\n              \n  \n  \n\t\n\n\n\n<h1 class=\"bde-heading-162-102 bde-heading\">\nServicios de Day Porter\n<\/h1>\n<\/div><\/div>\n<\/section><section class=\"bde-section-162-103 bde-section\">\n  \n  \n\t\n\n\n\n<div class=\"section-container\"><div class=\"bde-columns-162-104 bde-columns\"><div class=\"bde-column-162-105 bde-column\">\n  \n  \n\t\n\n\n\n<div class=\"bde-rich-text-162-106 bde-rich-text breakdance-rich-text-styles\" data-entrance=\"fade\">\n<p>Mantener un ambiente limpio y presentable durante todo el d\u00eda es vital para las empresas que reciben mucho tr\u00e1fico peatonal o requieren atenci\u00f3n constante a la limpieza. Vanessa's Cleaning Services ofrece servicios de day porter confiables y atentos para garantizar que su espacio permanezca en las mejores condiciones durante todo el d\u00eda. Tenga a alguien disponible en su oficina para reabastecerse, hacer lobby y encargarse de los ba\u00f1os. Nuestros dedicados empleados son profesionales capacitados para abordar las necesidades de limpieza a medida que surgen, brindando un enfoque proactivo para mantener su oficina limpia y presentable durante todo el d\u00eda.<\/p>\n<\/div>\n<\/div><div class=\"bde-column-162-107 bde-column\">\n  \n  \n\t\n\n\n\n<div class=\"bde-image-162-108 bde-image\">\n<figure class=\"breakdance-image breakdance-image--381\">\n\t<div class=\"breakdance-image-container\">\n\t\t<div class=\"breakdance-image-clip\"><img class=\"breakdance-image-object\" src=\"https:\/\/vanessascleanings.com\/wp-content\/uploads\/2023\/08\/Employees-4-C.jpg\" width=\"976\" height=\"732\" srcset=\"https:\/\/vanessascleanings.com\/wp-content\/uploads\/2023\/08\/Employees-4-C.jpg 976w, https:\/\/vanessascleanings.com\/wp-content\/uploads\/2023\/08\/Employees-4-C-300x225.jpg 300w, https:\/\/vanessascleanings.com\/wp-content\/uploads\/2023\/08\/Employees-4-C-768x576.jpg 768w\" sizes=\"(max-width: 976px) 100vw, 976px\" loading=\"lazy\"><\/div>\n\t<\/div><\/figure>\n\n<\/div>\n<\/div><\/div><div class=\"bde-columns-162-109 bde-columns\"><div class=\"bde-column-162-110 bde-column\">\n  \n  \n\t\n\n\n\n<div class=\"bde-image-162-111 bde-image\">\n<figure class=\"breakdance-image breakdance-image--380\">\n\t<div class=\"breakdance-image-container\">\n\t\t<div class=\"breakdance-image-clip\"><img class=\"breakdance-image-object\" src=\"https:\/\/vanessascleanings.com\/wp-content\/uploads\/2023\/08\/Employees-1-C.jpg\" width=\"808\" height=\"606\" srcset=\"https:\/\/vanessascleanings.com\/wp-content\/uploads\/2023\/08\/Employees-1-C.jpg 808w, https:\/\/vanessascleanings.com\/wp-content\/uploads\/2023\/08\/Employees-1-C-300x225.jpg 300w, https:\/\/vanessascleanings.com\/wp-content\/uploads\/2023\/08\/Employees-1-C-768x576.jpg 768w\" sizes=\"(max-width: 808px) 100vw, 808px\" loading=\"lazy\"><\/div>\n\t<\/div><\/figure>\n\n<\/div>\n<\/div><div class=\"bde-column-162-112 bde-column\">\n  \n  \n\t\n\n\n\n<div class=\"bde-rich-text-162-113 bde-rich-text breakdance-rich-text-styles\" data-entrance=\"fade\">\n<p>Ya sea reabastecer suministros en la sala de descanso, garantizar que el vest\u00edbulo est\u00e9 ordenado y acogedor, o mantener los ba\u00f1os desinfectados y en buen estado, nuestros empleados est\u00e1n ah\u00ed para realizar las tareas con eficiencia y profesionalismo. Con los servicios de day porter de Vanessa's Cleaning Services, puede confiar en que el entorno de su oficina estar\u00e1 bien cuidado, creando una impresi\u00f3n positiva tanto en los clientes como en los visitantes. Al tener un day porter dedicado en el lugar, puede concentrarse en sus actividades comerciales principales y dejar las responsabilidades de limpieza y mantenimiento a nuestro capacitado equipo. Disfrute de la comodidad de un espacio de oficina limpio y organizado, garantizando un ambiente agradable y productivo que refleje el profesionalismo de su negocio durante todo el d\u00eda.<\/p>\n<\/div>\n<\/div><\/div><\/div>\n<\/section><div class=\"bde-globalblock-162-135 bde-globalblock\">\n<section class=\"bde-section-239-100-239-1 bde-section bde-section-239-100\">\n  \n  \n\t\n\n\n\n<div class=\"section-container\"><div class=\"bde-gallery-239-101-239-1 bde-gallery bde-gallery-239-101\">\n\n\n\n\n\n\n\n\n\n\n\n\n\n<div class=\"ee-gallery ee-gallery--isotope ee-gallery--justified ee-gallery-- ee-gallery--lightbox ee-gallery--zoom-in ee-gallery--caption- ee-gallery--caption-none ee-gallery--ratio\">\n                  \n      <a class=\"ee-gallery-item ee-gallery-item--image ee-gallery-item--single\" href=\"https:\/\/vanessascleanings.com\/wp-content\/uploads\/2023\/08\/Employees-1.jpg\"  data-sub-html=\"<span><\/span>\" data-category=\"1\"                  data-lg-size=\"810-1080\"\n\n      >\n        <figure class=\"ee-gallery-item-figure\">\n                        <img class=\"breakdance-image-object\" src=\"https:\/\/vanessascleanings.com\/wp-content\/uploads\/2023\/08\/Employees-1.jpg\" width=\"810\" height=\"1080\" srcset=\"https:\/\/vanessascleanings.com\/wp-content\/uploads\/2023\/08\/Employees-1.jpg 810w, https:\/\/vanessascleanings.com\/wp-content\/uploads\/2023\/08\/Employees-1-225x300.jpg 225w, https:\/\/vanessascleanings.com\/wp-content\/uploads\/2023\/08\/Employees-1-768x1024.jpg 768w\" sizes=\"(max-width: 810px) 100vw, 810px\" loading=\"lazy\">\n          \n                  <\/figure>\n      <\/a>\n\n                \n      <a class=\"ee-gallery-item ee-gallery-item--image ee-gallery-item--single\" href=\"https:\/\/vanessascleanings.com\/wp-content\/uploads\/2023\/08\/Employees-2.jpg\"  data-sub-html=\"<span><\/span>\" data-category=\"1\"                  data-lg-size=\"1074-1432\"\n\n      >\n        <figure class=\"ee-gallery-item-figure\">\n                        <img class=\"breakdance-image-object\" src=\"https:\/\/vanessascleanings.com\/wp-content\/uploads\/2023\/08\/Employees-2.jpg\" width=\"1074\" height=\"1432\" srcset=\"https:\/\/vanessascleanings.com\/wp-content\/uploads\/2023\/08\/Employees-2.jpg 1074w, https:\/\/vanessascleanings.com\/wp-content\/uploads\/2023\/08\/Employees-2-225x300.jpg 225w, https:\/\/vanessascleanings.com\/wp-content\/uploads\/2023\/08\/Employees-2-768x1024.jpg 768w\" sizes=\"(max-width: 1074px) 100vw, 1074px\" loading=\"lazy\">\n          \n                  <\/figure>\n      <\/a>\n\n                \n      <a class=\"ee-gallery-item ee-gallery-item--image ee-gallery-item--single\" href=\"https:\/\/vanessascleanings.com\/wp-content\/uploads\/2023\/08\/Employees-3.jpg\"  data-sub-html=\"<span><\/span>\" data-category=\"1\"                  data-lg-size=\"1062-1416\"\n\n      >\n        <figure class=\"ee-gallery-item-figure\">\n                        <img class=\"breakdance-image-object\" src=\"https:\/\/vanessascleanings.com\/wp-content\/uploads\/2023\/08\/Employees-3.jpg\" width=\"1062\" height=\"1416\" srcset=\"https:\/\/vanessascleanings.com\/wp-content\/uploads\/2023\/08\/Employees-3.jpg 1062w, https:\/\/vanessascleanings.com\/wp-content\/uploads\/2023\/08\/Employees-3-225x300.jpg 225w, https:\/\/vanessascleanings.com\/wp-content\/uploads\/2023\/08\/Employees-3-768x1024.jpg 768w\" sizes=\"(max-width: 1062px) 100vw, 1062px\" loading=\"lazy\">\n          \n                  <\/figure>\n      <\/a>\n\n                \n      <a class=\"ee-gallery-item ee-gallery-item--image ee-gallery-item--single\" href=\"https:\/\/vanessascleanings.com\/wp-content\/uploads\/2023\/08\/Employees-4.jpg\"  data-sub-html=\"<span><\/span>\" data-category=\"1\"                  data-lg-size=\"978-1304\"\n\n      >\n        <figure class=\"ee-gallery-item-figure\">\n                        <img class=\"breakdance-image-object\" src=\"https:\/\/vanessascleanings.com\/wp-content\/uploads\/2023\/08\/Employees-4.jpg\" width=\"978\" height=\"1304\" srcset=\"https:\/\/vanessascleanings.com\/wp-content\/uploads\/2023\/08\/Employees-4.jpg 978w, https:\/\/vanessascleanings.com\/wp-content\/uploads\/2023\/08\/Employees-4-225x300.jpg 225w, https:\/\/vanessascleanings.com\/wp-content\/uploads\/2023\/08\/Employees-4-768x1024.jpg 768w\" sizes=\"(max-width: 978px) 100vw, 978px\" loading=\"lazy\">\n          \n                  <\/figure>\n      <\/a>\n\n                \n      <a class=\"ee-gallery-item ee-gallery-item--image ee-gallery-item--single\" href=\"https:\/\/vanessascleanings.com\/wp-content\/uploads\/2023\/08\/Employees-5.jpg\"  data-sub-html=\"<span><\/span>\" data-category=\"1\"                  data-lg-size=\"1080-1440\"\n\n      >\n        <figure class=\"ee-gallery-item-figure\">\n                        <img class=\"breakdance-image-object\" src=\"https:\/\/vanessascleanings.com\/wp-content\/uploads\/2023\/08\/Employees-5.jpg\" width=\"1080\" height=\"1440\" srcset=\"https:\/\/vanessascleanings.com\/wp-content\/uploads\/2023\/08\/Employees-5.jpg 1080w, https:\/\/vanessascleanings.com\/wp-content\/uploads\/2023\/08\/Employees-5-225x300.jpg 225w, https:\/\/vanessascleanings.com\/wp-content\/uploads\/2023\/08\/Employees-5-768x1024.jpg 768w\" sizes=\"(max-width: 1080px) 100vw, 1080px\" loading=\"lazy\">\n          \n                  <\/figure>\n      <\/a>\n\n                \n      <a class=\"ee-gallery-item ee-gallery-item--image ee-gallery-item--single\" href=\"https:\/\/vanessascleanings.com\/wp-content\/uploads\/2023\/08\/Employees-6.jpg\"  data-sub-html=\"<span><\/span>\" data-category=\"1\"                  data-lg-size=\"810-1080\"\n\n      >\n        <figure class=\"ee-gallery-item-figure\">\n                        <img class=\"breakdance-image-object\" src=\"https:\/\/vanessascleanings.com\/wp-content\/uploads\/2023\/08\/Employees-6.jpg\" width=\"810\" height=\"1080\" srcset=\"https:\/\/vanessascleanings.com\/wp-content\/uploads\/2023\/08\/Employees-6.jpg 810w, https:\/\/vanessascleanings.com\/wp-content\/uploads\/2023\/08\/Employees-6-225x300.jpg 225w, https:\/\/vanessascleanings.com\/wp-content\/uploads\/2023\/08\/Employees-6-768x1024.jpg 768w\" sizes=\"(max-width: 810px) 100vw, 810px\" loading=\"lazy\">\n          \n                  <\/figure>\n      <\/a>\n\n                \n      <a class=\"ee-gallery-item ee-gallery-item--image ee-gallery-item--single\" href=\"https:\/\/vanessascleanings.com\/wp-content\/uploads\/2023\/08\/Employees-7.jpg\"  data-sub-html=\"<span><\/span>\" data-category=\"1\"                  data-lg-size=\"1080-1440\"\n\n      >\n        <figure class=\"ee-gallery-item-figure\">\n                        <img class=\"breakdance-image-object\" src=\"https:\/\/vanessascleanings.com\/wp-content\/uploads\/2023\/08\/Employees-7.jpg\" width=\"1080\" height=\"1440\" srcset=\"https:\/\/vanessascleanings.com\/wp-content\/uploads\/2023\/08\/Employees-7.jpg 1080w, https:\/\/vanessascleanings.com\/wp-content\/uploads\/2023\/08\/Employees-7-225x300.jpg 225w, https:\/\/vanessascleanings.com\/wp-content\/uploads\/2023\/08\/Employees-7-768x1024.jpg 768w\" sizes=\"(max-width: 1080px) 100vw, 1080px\" loading=\"lazy\">\n          \n                  <\/figure>\n      <\/a>\n\n                \n      <a class=\"ee-gallery-item ee-gallery-item--image ee-gallery-item--single\" href=\"https:\/\/vanessascleanings.com\/wp-content\/uploads\/2023\/08\/Employees-8.jpg\"  data-sub-html=\"<span><\/span>\" data-category=\"1\"                  data-lg-size=\"921-1228\"\n\n      >\n        <figure class=\"ee-gallery-item-figure\">\n                        <img class=\"breakdance-image-object\" src=\"https:\/\/vanessascleanings.com\/wp-content\/uploads\/2023\/08\/Employees-8.jpg\" width=\"921\" height=\"1228\" srcset=\"https:\/\/vanessascleanings.com\/wp-content\/uploads\/2023\/08\/Employees-8.jpg 921w, https:\/\/vanessascleanings.com\/wp-content\/uploads\/2023\/08\/Employees-8-225x300.jpg 225w, https:\/\/vanessascleanings.com\/wp-content\/uploads\/2023\/08\/Employees-8-768x1024.jpg 768w\" sizes=\"(max-width: 921px) 100vw, 921px\" loading=\"lazy\">\n          \n                  <\/figure>\n      <\/a>\n\n                \n      <a class=\"ee-gallery-item ee-gallery-item--image ee-gallery-item--single\" href=\"https:\/\/vanessascleanings.com\/wp-content\/uploads\/2023\/07\/BA-2-2.jpg\"  data-sub-html=\"<span><\/span>\" data-category=\"1\"                  data-lg-size=\"1080-1440\"\n\n      >\n        <figure class=\"ee-gallery-item-figure\">\n                        <img class=\"breakdance-image-object\" src=\"https:\/\/vanessascleanings.com\/wp-content\/uploads\/2023\/07\/BA-2-2.jpg\" width=\"1080\" height=\"1440\" srcset=\"https:\/\/vanessascleanings.com\/wp-content\/uploads\/2023\/07\/BA-2-2.jpg 1080w, https:\/\/vanessascleanings.com\/wp-content\/uploads\/2023\/07\/BA-2-2-225x300.jpg 225w, https:\/\/vanessascleanings.com\/wp-content\/uploads\/2023\/07\/BA-2-2-768x1024.jpg 768w\" sizes=\"(max-width: 1080px) 100vw, 1080px\" loading=\"lazy\">\n          \n                  <\/figure>\n      <\/a>\n\n                \n      <a class=\"ee-gallery-item ee-gallery-item--image ee-gallery-item--single\" href=\"https:\/\/vanessascleanings.com\/wp-content\/uploads\/2023\/07\/BA-1-2.jpg\"  data-sub-html=\"<span><\/span>\" data-category=\"1\"                  data-lg-size=\"1048-1404\"\n\n      >\n        <figure class=\"ee-gallery-item-figure\">\n                        <img class=\"breakdance-image-object\" src=\"https:\/\/vanessascleanings.com\/wp-content\/uploads\/2023\/07\/BA-1-2.jpg\" width=\"1048\" height=\"1404\" srcset=\"https:\/\/vanessascleanings.com\/wp-content\/uploads\/2023\/07\/BA-1-2.jpg 1048w, https:\/\/vanessascleanings.com\/wp-content\/uploads\/2023\/07\/BA-1-2-224x300.jpg 224w, https:\/\/vanessascleanings.com\/wp-content\/uploads\/2023\/07\/BA-1-2-764x1024.jpg 764w, https:\/\/vanessascleanings.com\/wp-content\/uploads\/2023\/07\/BA-1-2-768x1029.jpg 768w\" sizes=\"(max-width: 1048px) 100vw, 1048px\" loading=\"lazy\">\n          \n                  <\/figure>\n      <\/a>\n\n                \n      <a class=\"ee-gallery-item ee-gallery-item--image ee-gallery-item--single\" href=\"https:\/\/vanessascleanings.com\/wp-content\/uploads\/2023\/07\/Image-1.jpg\"  data-sub-html=\"<span><\/span>\" data-category=\"1\"                  data-lg-size=\"1440-1080\"\n\n      >\n        <figure class=\"ee-gallery-item-figure\">\n                        <img class=\"breakdance-image-object\" src=\"https:\/\/vanessascleanings.com\/wp-content\/uploads\/2023\/07\/Image-1.jpg\" width=\"1440\" height=\"1080\" srcset=\"https:\/\/vanessascleanings.com\/wp-content\/uploads\/2023\/07\/Image-1.jpg 1440w, https:\/\/vanessascleanings.com\/wp-content\/uploads\/2023\/07\/Image-1-300x225.jpg 300w, https:\/\/vanessascleanings.com\/wp-content\/uploads\/2023\/07\/Image-1-1024x768.jpg 1024w, https:\/\/vanessascleanings.com\/wp-content\/uploads\/2023\/07\/Image-1-768x576.jpg 768w\" sizes=\"(max-width: 1440px) 100vw, 1440px\" loading=\"lazy\">\n          \n                  <\/figure>\n      <\/a>\n\n                \n      <a class=\"ee-gallery-item ee-gallery-item--image ee-gallery-item--single\" href=\"https:\/\/vanessascleanings.com\/wp-content\/uploads\/2023\/07\/Image-2.jpg\"  data-sub-html=\"<span><\/span>\" data-category=\"1\"                  data-lg-size=\"1080-1440\"\n\n      >\n        <figure class=\"ee-gallery-item-figure\">\n                        <img class=\"breakdance-image-object\" src=\"https:\/\/vanessascleanings.com\/wp-content\/uploads\/2023\/07\/Image-2.jpg\" width=\"1080\" height=\"1440\" srcset=\"https:\/\/vanessascleanings.com\/wp-content\/uploads\/2023\/07\/Image-2.jpg 1080w, https:\/\/vanessascleanings.com\/wp-content\/uploads\/2023\/07\/Image-2-225x300.jpg 225w, https:\/\/vanessascleanings.com\/wp-content\/uploads\/2023\/07\/Image-2-768x1024.jpg 768w\" sizes=\"(max-width: 1080px) 100vw, 1080px\" loading=\"lazy\">\n          \n                  <\/figure>\n      <\/a>\n\n                \n      <a class=\"ee-gallery-item ee-gallery-item--image ee-gallery-item--single\" href=\"https:\/\/vanessascleanings.com\/wp-content\/uploads\/2023\/07\/Image-3.jpg\"  data-sub-html=\"<span><\/span>\" data-category=\"1\"                  data-lg-size=\"1080-1440\"\n\n      >\n        <figure class=\"ee-gallery-item-figure\">\n                        <img class=\"breakdance-image-object\" src=\"https:\/\/vanessascleanings.com\/wp-content\/uploads\/2023\/07\/Image-3.jpg\" width=\"1080\" height=\"1440\" srcset=\"https:\/\/vanessascleanings.com\/wp-content\/uploads\/2023\/07\/Image-3.jpg 1080w, https:\/\/vanessascleanings.com\/wp-content\/uploads\/2023\/07\/Image-3-225x300.jpg 225w, https:\/\/vanessascleanings.com\/wp-content\/uploads\/2023\/07\/Image-3-768x1024.jpg 768w\" sizes=\"(max-width: 1080px) 100vw, 1080px\" loading=\"lazy\">\n          \n                  <\/figure>\n      <\/a>\n\n                \n      <a class=\"ee-gallery-item ee-gallery-item--image ee-gallery-item--single\" href=\"https:\/\/vanessascleanings.com\/wp-content\/uploads\/2023\/07\/Image-4.jpg\"  data-sub-html=\"<span><\/span>\" data-category=\"1\"                  data-lg-size=\"1080-1440\"\n\n      >\n        <figure class=\"ee-gallery-item-figure\">\n                        <img class=\"breakdance-image-object\" src=\"https:\/\/vanessascleanings.com\/wp-content\/uploads\/2023\/07\/Image-4.jpg\" width=\"1080\" height=\"1440\" srcset=\"https:\/\/vanessascleanings.com\/wp-content\/uploads\/2023\/07\/Image-4.jpg 1080w, https:\/\/vanessascleanings.com\/wp-content\/uploads\/2023\/07\/Image-4-225x300.jpg 225w, https:\/\/vanessascleanings.com\/wp-content\/uploads\/2023\/07\/Image-4-768x1024.jpg 768w\" sizes=\"(max-width: 1080px) 100vw, 1080px\" loading=\"lazy\">\n          \n                  <\/figure>\n      <\/a>\n\n                \n      <a class=\"ee-gallery-item ee-gallery-item--image ee-gallery-item--single\" href=\"https:\/\/vanessascleanings.com\/wp-content\/uploads\/2023\/07\/Image-5.jpg\"  data-sub-html=\"<span><\/span>\" data-category=\"1\"                  data-lg-size=\"1080-1440\"\n\n      >\n        <figure class=\"ee-gallery-item-figure\">\n                        <img class=\"breakdance-image-object\" src=\"https:\/\/vanessascleanings.com\/wp-content\/uploads\/2023\/07\/Image-5.jpg\" width=\"1080\" height=\"1440\" srcset=\"https:\/\/vanessascleanings.com\/wp-content\/uploads\/2023\/07\/Image-5.jpg 1080w, https:\/\/vanessascleanings.com\/wp-content\/uploads\/2023\/07\/Image-5-225x300.jpg 225w, https:\/\/vanessascleanings.com\/wp-content\/uploads\/2023\/07\/Image-5-768x1024.jpg 768w\" sizes=\"(max-width: 1080px) 100vw, 1080px\" loading=\"lazy\">\n          \n                  <\/figure>\n      <\/a>\n\n                \n      <a class=\"ee-gallery-item ee-gallery-item--image ee-gallery-item--single\" href=\"https:\/\/vanessascleanings.com\/wp-content\/uploads\/2023\/07\/Image-6.jpg\"  data-sub-html=\"<span><\/span>\" data-category=\"1\"                  data-lg-size=\"825-1100\"\n\n      >\n        <figure class=\"ee-gallery-item-figure\">\n                        <img class=\"breakdance-image-object\" src=\"https:\/\/vanessascleanings.com\/wp-content\/uploads\/2023\/07\/Image-6.jpg\" width=\"825\" height=\"1100\" srcset=\"https:\/\/vanessascleanings.com\/wp-content\/uploads\/2023\/07\/Image-6.jpg 825w, https:\/\/vanessascleanings.com\/wp-content\/uploads\/2023\/07\/Image-6-225x300.jpg 225w, https:\/\/vanessascleanings.com\/wp-content\/uploads\/2023\/07\/Image-6-768x1024.jpg 768w\" sizes=\"(max-width: 825px) 100vw, 825px\" loading=\"lazy\">\n          \n                  <\/figure>\n      <\/a>\n\n      \n      <div class=\"ee-gallery-gutter\"><\/div>\n  <\/div>\n\n\n\n<\/div><\/div>\n<\/section>\n<\/div><div class=\"bde-globalblock-162-137 bde-globalblock\">\n<section class=\"bde-section-117-100-117-1 bde-section bde-section-117-100\">\n  \n  \n\t\n\n\n\n<div class=\"section-container\"><div class=\"bde-columns-117-101-117-1 bde-columns bde-columns-117-101\"><div class=\"bde-column-117-102-117-1 bde-column bde-column-117-102\">\n  \n  \n\t\n\n\n\n<h2 class=\"bde-heading-117-103-117-1 bde-heading bde-heading-117-103\">\n\u00bfPor qu\u00e9 nosotros?\n<\/h2>\n<\/div><div class=\"bde-column-117-104-117-1 bde-column bde-column-117-104\">\n  \n  \n\t\n\n\n\n<div class=\"bde-div-117-105-117-1 bde-div bde-div-117-105\">\n  \n  \n\t\n\n\n\n<h4 class=\"bde-heading-117-106-117-1 bde-heading bde-heading-117-106\">\nExperiencia en Limpieza Ecol\u00f3gica\n<\/h4><div class=\"bde-rich-text-117-107-117-1 bde-rich-text bde-rich-text-117-107 breakdance-rich-text-styles\">\n<p>Con m\u00e1s de una d\u00e9cada de experiencia y especializaci\u00f3n en pr\u00e1cticas ecol\u00f3gicas, Vanessa's Cleaning Services garantiza una limpieza de alta calidad que sea segura para usted, nuestros empleados y el planeta.<\/p>\n<\/div>\n<\/div><div class=\"bde-div-117-108-117-1 bde-div bde-div-117-108\">\n  \n  \n\t\n\n\n\n<h4 class=\"bde-heading-117-109-117-1 bde-heading bde-heading-117-109\">\n\u00c1mplia Gama de Servicios\n<\/h4><div class=\"bde-rich-text-117-110-117-1 bde-rich-text bde-rich-text-117-110 breakdance-rich-text-styles\">\n<p>Desde limpieza regular de oficinas hasta limpieza posterior a la construcci\u00f3n y m\u00e1s, ofrecemos una amplia gama de servicios para satisfacer sus necesidades \u00fanicas, lo que nos convierte en su soluci\u00f3n integral para todos los requisitos de limpieza.<\/p>\n<\/div>\n<\/div><div class=\"bde-div-117-111-117-1 bde-div bde-div-117-111\">\n  \n  \n\t\n\n\n\n<h4 class=\"bde-heading-117-112-117-1 bde-heading bde-heading-117-112\">\nAtenci\u00f3n al Detalle y Satisfacci\u00f3n del Cliente\n<\/h4><div class=\"bde-rich-text-117-113-117-1 bde-rich-text bde-rich-text-117-113 breakdance-rich-text-styles\">\n<p>Nuestro enfoque meticuloso y nuestro enfoque centrado en el cliente significan que no se pasa por alto ning\u00fan detalle. Puede esperar resultados excepcionales y atenci\u00f3n personalizada que priorice su satisfacci\u00f3n por encima de todo.<\/p>\n<\/div>\n<\/div>\n<\/div><\/div><\/div>\n<\/section>\n<\/div><div class=\"bde-globalblock-162-136 bde-globalblock\">\n<section class=\"bde-section-186-100-186-1 bde-section bde-section-186-100\">\n  \n  \n\t\n\n\n\n<div class=\"section-container\"><div class=\"bde-div-186-101-186-1 bde-div bde-div-186-101\">\n  \n  \n\t\n\n\n\n<h2 class=\"bde-heading-186-102-186-1 bde-heading bde-heading-186-102\">\nObt\u00e9n un Presupuesto de Limpieza Personalizado\n<\/h2><div class=\"bde-text-186-103-186-1 bde-text bde-text-186-103\">\nPerm\u00edtanos dise\u00f1ar un estimado personalizado que se ajuste a sus necesidades y presupuesto.<br>Sin presiones, ni obligaciones - simplemente d\u00e9 hoy mismo el primer paso hacia un espacio m\u00e1s limpio y feliz.\n<\/div><div class=\"bde-button-186-104-186-1 bde-button bde-button-186-104\">\n    \n                                    \n    \n    \n    \n    \n            \n                    \n            \n            \n\n    \n    \n    \n    \n    \n    <a class=\"breakdance-link button-atom button-atom--secondary bde-button__button\" href=\"\/es\/estimate\/\" target=\"_self\" data-type=\"url\"  >\n\n    \n        <span class=\"button-atom__text\">Solicita un Presupuesto Ahora<\/span>\n\n        \n        \n                <\/a>\n\n    \n\n\n<\/div>\n<\/div><\/div>\n<\/section>\n<\/div>","protected":false},"excerpt":{"rendered":"<p>Day Porter Services Maintaining a clean and presentable environment throughout the day is vital for businesses that receive high foot traffic or require constant attention to cleanliness. Vanessa&#8217;s Cleaning Services offers reliable and attentive Day Porter Services to ensure your space remains in top condition throughout the day. Have someone on hand in your office [&hellip;]<\/p>","protected":false},"author":1,"featured_media":0,"parent":55,"menu_order":0,"comment_status":"closed","ping_status":"closed","template":"","meta":{"footnotes":"","_breakdance_hide_in_design_set":false,"_breakdance_tags":""},"_links":{"self":[{"href":"https:\/\/vanessascleanings.com\/es\/wp-json\/wp\/v2\/pages\/162"}],"collection":[{"href":"https:\/\/vanessascleanings.com\/es\/wp-json\/wp\/v2\/pages"}],"about":[{"href":"https:\/\/vanessascleanings.com\/es\/wp-json\/wp\/v2\/types\/page"}],"author":[{"embeddable":true,"href":"https:\/\/vanessascleanings.com\/es\/wp-json\/wp\/v2\/users\/1"}],"replies":[{"embeddable":true,"href":"https:\/\/vanessascleanings.com\/es\/wp-json\/wp\/v2\/comments?post=162"}],"version-history":[{"count":9,"href":"https:\/\/vanessascleanings.com\/es\/wp-json\/wp\/v2\/pages\/162\/revisions"}],"predecessor-version":[{"id":488,"href":"https:\/\/vanessascleanings.com\/es\/wp-json\/wp\/v2\/pages\/162\/revisions\/488"}],"up":[{"embeddable":true,"href":"https:\/\/vanessascleanings.com\/es\/wp-json\/wp\/v2\/pages\/55"}],"wp:attachment":[{"href":"https:\/\/vanessascleanings.com\/es\/wp-json\/wp\/v2\/media?parent=162"}],"curies":[{"name":"wp","href":"https:\/\/api.w.org\/{rel}","templated":true}]}}