{"id":21,"date":"2023-07-21T01:43:50","date_gmt":"2023-07-21T08:43:50","guid":{"rendered":"https:\/\/vanessascleanings.com\/?page_id=21"},"modified":"2023-10-03T15:35:22","modified_gmt":"2023-10-03T22:35:22","slug":"contact","status":"publish","type":"page","link":"https:\/\/vanessascleanings.com\/es\/contact\/","title":{"rendered":"Cont\u00e1ctanos"},"content":{"rendered":"<div class=\"bde-globalblock-21-169 bde-globalblock\">\n<section class=\"bde-section-481-100-481-1 bde-section bde-section-481-100\">\n  \n  \n\t\n\n\n\n<div class=\"section-container\"><div class=\"bde-image-481-101-481-1 bde-image bde-image-481-101\">\n<figure class=\"breakdance-image breakdance-image--427\">\n\t<div class=\"breakdance-image-container\">\n\t\t<div class=\"breakdance-image-clip\"><img class=\"breakdance-image-object\" src=\"https:\/\/vanessascleanings.com\/wp-content\/uploads\/2023\/07\/BBB-2.png\" width=\"1384\" height=\"430\" srcset=\"https:\/\/vanessascleanings.com\/wp-content\/uploads\/2023\/07\/BBB-2.png 1384w, https:\/\/vanessascleanings.com\/wp-content\/uploads\/2023\/07\/BBB-2-300x93.png 300w, https:\/\/vanessascleanings.com\/wp-content\/uploads\/2023\/07\/BBB-2-1024x318.png 1024w, https:\/\/vanessascleanings.com\/wp-content\/uploads\/2023\/07\/BBB-2-768x239.png 768w\" sizes=\"(max-width: 1384px) 100vw, 1384px\" loading=\"lazy\"><\/div>\n\t<\/div><\/figure>\n\n<\/div><\/div>\n<\/section>\n<\/div><section id=\"topHeaderBar\" class=\"bde-section-21-165 bde-section\">\n  \n  \n\t\n\n\n\n<div class=\"section-container\"><div class=\"bde-div-21-166 bde-div\" data-entrance=\"fade\">\n              \n  \n  \n\t\n\n\n\n<h1 class=\"bde-heading-21-167 bde-heading\">\nConectemos\n<\/h1><div class=\"bde-text-21-168 bde-text\">\nEncontrar\u00e1 todas las formas de contactarnos abajo.<br>Elija su m\u00e9todo preferido y le responderemos lo antes posible.\n<\/div>\n<\/div><\/div>\n<\/section><section class=\"bde-section-21-140 bde-section\">\n  \n  \n\t\n\n\n\n<div class=\"section-container\"><div class=\"bde-columns-21-141 bde-columns\"><div class=\"bde-column-21-142 bde-column\">\n  \n  \n\t\n\n\n\n<h4 class=\"bde-heading-21-144 bde-heading\">\nPonte en Contacto\n<\/h4><div class=\"bde-icon-list-21-145 bde-icon-list\">\n<ul>\n  \n              \n    <li>\n                      \n            \n            \n\n    \n    \n    \n    \n    \n    <a class=\"breakdance-link bde-icon-list__item-wrapper\" href=\"tel:+13237877965\" target=\"_self\" data-type=\"contact\"  >\n\n      \n      <span class='bde-icon-list__icon'>\n        <svg xmlns=\"http:\/\/www.w3.org\/2000\/svg\" viewbox=\"0 0 512 512\"><!-- Font Awesome Free 5.15.1 by @fontawesome - https:\/\/fontawesome.com License - https:\/\/fontawesome.com\/license\/free (Icons: CC BY 4.0, Fonts: SIL OFL 1.1, Code: MIT License) --><path d=\"M497.39 361.8l-112-48a24 24 0 0 0-28 6.9l-49.6 60.6A370.66 370.66 0 0 1 130.6 204.11l60.6-49.6a23.94 23.94 0 0 0 6.9-28l-48-112A24.16 24.16 0 0 0 122.6.61l-104 24A24 24 0 0 0 0 48c0 256.5 207.9 464 464 464a24 24 0 0 0 23.4-18.6l24-104a24.29 24.29 0 0 0-14.01-27.6z\"\/><\/svg>\n      <\/span>\n      <span class='bde-icon-list__text' >\n      +1 (323) 787 - 7965\n      <\/span>\n                  <\/a>\n\n      \n    <\/li>\n\n  \n              \n    <li>\n                      \n            \n            \n\n    \n    \n    \n    \n    \n    <a class=\"breakdance-link bde-icon-list__item-wrapper\" href=\"mailto:info@vanessascleanings.com?subject=&body=\" target=\"_blank\" data-type=\"contact\"  >\n\n      \n      <span class='bde-icon-list__icon'>\n        <svg xmlns=\"http:\/\/www.w3.org\/2000\/svg\" viewbox=\"0 0 512 512\"><!-- Font Awesome Free 5.15.1 by @fontawesome - https:\/\/fontawesome.com License - https:\/\/fontawesome.com\/license\/free (Icons: CC BY 4.0, Fonts: SIL OFL 1.1, Code: MIT License) --><path d=\"M502.3 190.8c3.9-3.1 9.7-.2 9.7 4.7V400c0 26.5-21.5 48-48 48H48c-26.5 0-48-21.5-48-48V195.6c0-5 5.7-7.8 9.7-4.7 22.4 17.4 52.1 39.5 154.1 113.6 21.1 15.4 56.7 47.8 92.2 47.6 35.7.3 72-32.8 92.3-47.6 102-74.1 131.6-96.3 154-113.7zM256 320c23.2.4 56.6-29.2 73.4-41.4 132.7-96.3 142.8-104.7 173.4-128.7 5.8-4.5 9.2-11.5 9.2-18.9v-19c0-26.5-21.5-48-48-48H48C21.5 64 0 85.5 0 112v19c0 7.4 3.4 14.3 9.2 18.9 30.6 23.9 40.7 32.4 173.4 128.7 16.8 12.2 50.2 41.8 73.4 41.4z\"\/><\/svg>\n      <\/span>\n      <span class='bde-icon-list__text' >\n      info@vanessascleanings.com\n      <\/span>\n                  <\/a>\n\n      \n    <\/li>\n\n  \n              \n    <li>\n                      \n            \n            \n\n    \n    \n    \n    \n    \n    <a class=\"breakdance-link bde-icon-list__item-wrapper\" href=\"https:\/\/www.google.com\/maps\/place\/Vanessa's+Cleaning+Services+LLC\/@34.0311597,-118.273401,19z\/data=!3m2!4b1!5s0x80c2c7c2e6ef966f:0x3f88eb2e094aa6ff!4m6!3m5!1s0x80c2c738c73bfb83:0xc3313e450e873a98!8m2!3d34.0311597!4d-118.273401!16s%2Fg%2F11qvdn7h2t?entry=ttu\" target=\"_blank\" data-type=\"url\"  >\n\n      \n      <span class='bde-icon-list__icon'>\n        <svg xmlns=\"http:\/\/www.w3.org\/2000\/svg\" viewbox=\"0 0 384 512\"><!-- Font Awesome Free 5.15.1 by @fontawesome - https:\/\/fontawesome.com License - https:\/\/fontawesome.com\/license\/free (Icons: CC BY 4.0, Fonts: SIL OFL 1.1, Code: MIT License) --><path d=\"M172.268 501.67C26.97 291.031 0 269.413 0 192 0 85.961 85.961 0 192 0s192 85.961 192 192c0 77.413-26.97 99.031-172.268 309.67-9.535 13.774-29.93 13.773-39.464 0zM192 272c44.183 0 80-35.817 80-80s-35.817-80-80-80-80 35.817-80 80 35.817 80 80 80z\"\/><\/svg>\n      <\/span>\n      <span class='bde-icon-list__text' >\n      2202 S. Figueroa St. # 529<br>Los Angeles, CA. 90007\n      <\/span>\n                  <\/a>\n\n      \n    <\/li>\n\n  <\/ul>\n\n<\/div><h4 class=\"bde-heading-21-158 bde-heading\">\nHorario Laboral\n<\/h4><div class=\"bde-globalblock-21-160 bde-globalblock\">\n<div class=\"bde-business-hours-102-100-102-1 bde-business-hours bde-business-hours-102-100\">\n  <div class=\"bde-business-hours__row\">\n    <div class=\"bde-business-hours__day\">Lunes<\/div>\n    <div class=\"bde-business-hours__time\">\n      9 AM - 5 PM\n    <\/div>\n  <\/div>\n  <div class=\"bde-business-hours__row\">\n    <div class=\"bde-business-hours__day\">Martes<\/div>\n    <div class=\"bde-business-hours__time\">\n      9 AM - 5 PM\n    <\/div>\n  <\/div>\n  <div class=\"bde-business-hours__row\">\n    <div class=\"bde-business-hours__day\">Mi\u00e9rcoles<\/div>\n    <div class=\"bde-business-hours__time\">\n      9 AM - 5 PM\n    <\/div>\n  <\/div>\n  <div class=\"bde-business-hours__row\">\n    <div class=\"bde-business-hours__day\">Jueves<\/div>\n    <div class=\"bde-business-hours__time\">\n      9 AM - 5 PM\n    <\/div>\n  <\/div>\n  <div class=\"bde-business-hours__row\">\n    <div class=\"bde-business-hours__day\">Viernes<\/div>\n    <div class=\"bde-business-hours__time\">\n      9 AM - 5 PM\n    <\/div>\n  <\/div>\n  <div class=\"bde-business-hours__row\">\n    <div class=\"bde-business-hours__day\">S\u00e1bado<\/div>\n    <div class=\"bde-business-hours__time\">\n      9 AM - 2 PM\n    <\/div>\n  <\/div>\n  <div class=\"bde-business-hours__row bde-business-hours__row-accent\">\n    <div class=\"bde-business-hours__day\">Domingo<\/div>\n    <div class=\"bde-business-hours__time\">\n      CERRADO\n    <\/div>\n  <\/div>\n\n<\/div>\n<\/div>\n<\/div><div class=\"bde-column-21-143 bde-column\">\n  \n  \n\t\n\n\n\n<div class=\"bde-form-builder-21-146 bde-form-builder\">\n\n\n<form id=\"contact-form146\" class=\"breakdance-form breakdance-form--vertical\" data-options=\"{&quot;slug&quot;:&quot;custom&quot;,&quot;name&quot;:&quot;Contact Form&quot;,&quot;ajaxUrl&quot;:&quot;https:\\\/\\\/vanessascleanings.com\\\/wp-admin\\\/admin-ajax.php&quot;,&quot;clearOnSuccess&quot;:true,&quot;hideOnSuccess&quot;:true,&quot;successMessage&quot;:&quot;Email Sent!&quot;,&quot;errorMessage&quot;:&quot;Something went wrong, please try again.&quot;,&quot;redirect&quot;:false,&quot;redirectUrl&quot;:&quot;&quot;,&quot;customJavaScript&quot;:&quot;&quot;,&quot;recaptcha&quot;:{&quot;key&quot;:&quot;&quot;,&quot;enabled&quot;:false},&quot;honeypot_enabled&quot;:false,&quot;popupsOnSuccess&quot;:[],&quot;popupsOnError&quot;:[]}\" data-steps=\"0\" action=\"\" >\n  \n  \n  \n<div class=\"breakdance-form-field breakdance-form-field--text\" >\n    \n    \n            <label class=\"breakdance-form-field__label\" for=\"name\">\n            Nombre<span class=\"breakdance-form-field__required\">*<\/span>\n        <\/label>\n    \n    <input\n    class=\"breakdance-form-field__input\"\n    id=\"name\"\n    aria-describedby=\"name\"\n    type=\"text\"\n    name=\"fields[name]\"\n    placeholder=\"\"\n    value=\"\"\n                \n        \n        \n    required\n>\n\n\n    \n    \n<\/div>\n\n\n<div class=\"breakdance-form-field breakdance-form-field--tel\" >\n    \n    \n            <label class=\"breakdance-form-field__label\" for=\"ywgxbi\">\n            Tel\u00e9fono<span class=\"breakdance-form-field__required\">*<\/span>\n        <\/label>\n    \n    <input\n    class=\"breakdance-form-field__input\"\n    id=\"ywgxbi\"\n    aria-describedby=\"ywgxbi\"\n    type=\"tel\"\n    name=\"fields[ywgxbi]\"\n    placeholder=\"\"\n    value=\"\"\n                \n        \n        \n    required\n>\n\n\n    \n    \n<\/div>\n\n\n<div class=\"breakdance-form-field breakdance-form-field--email\" >\n    \n    \n            <label class=\"breakdance-form-field__label\" for=\"email\">\n            Email<span class=\"breakdance-form-field__required\">*<\/span>\n        <\/label>\n    \n    <input\n    class=\"breakdance-form-field__input\"\n    id=\"email\"\n    aria-describedby=\"email\"\n    type=\"email\"\n    name=\"fields[email]\"\n    placeholder=\"\"\n    value=\"\"\n                \n        \n        \n    required\n>\n\n\n    \n    \n<\/div>\n\n\n<div class=\"breakdance-form-field breakdance-form-field--textarea\" >\n    \n    \n            <label class=\"breakdance-form-field__label\" for=\"message\">\n            Mensaje...\n        <\/label>\n    \n    <textarea\n    class=\"breakdance-form-field__input\"\n    id=\"message\"\n    aria-describedby=\"message\"\n    type=\"textarea\"\n    name=\"fields[message]\"\n        placeholder=\"\"\n    \n    >\n<\/textarea>\n\n\n    \n    \n<\/div>\n\n\n  \n\n<div class=\"breakdance-form-field breakdance-form-footer\">\n    \n    \n                                    \n    \n    \n    \n    \n            \n            <button type=\"submit\" class=\"button-atom button-atom--primary breakdance-form-button breakdance-form-button__submit\"  >\n    \n        <span class=\"button-atom__text\">Enviar<\/span>\n\n        \n        \n            <\/button>\n    \n    <input type=\"hidden\" name=\"form_id\" value=\"146\">\n    <input type=\"hidden\" name=\"post_id\" value=\"21\">\n<\/div>\n\n  \n<input type=\"hidden\" name=\"trp-form-language\" value=\"es\"\/><\/form>\n\n\n\n<\/div><div class=\"bde-rich-text-21-151 bde-rich-text breakdance-rich-text-styles\">\n<p>\u00a1Pssst! \u00bfQuieres un presupuesto gratuito?<br><a target=\"_self\" href=\"https:\/\/vanessascleanings.com\/es\/estimate\/\">Presupuesto Gratis<\/a><\/p>\n<\/div>\n<\/div><\/div><\/div>\n<\/section><div class=\"bde-globalblock-21-157 bde-globalblock\">\n<section class=\"bde-section-97-100-97-1 bde-section bde-section-97-100\">\n  \n  \n\t\n\n\n\n<div class=\"section-container\"><div class=\"bde-columns-97-101-97-1 bde-columns bde-columns-97-101\"><div class=\"bde-column-97-102-97-1 bde-column bde-column-97-102\">\n  \n  \n\t\n\n\n\n<h2 class=\"bde-heading-97-103-97-1 bde-heading bde-heading-97-103\">\nPreguntas<br>Hechas<br>Frecuentemente\n<\/h2>\n<\/div><div class=\"bde-column-97-104-97-1 bde-column bde-column-97-104\">\n  \n  \n\t\n\n\n\n<div class=\"bde-frequently-asked-questions-97-105-97-1 bde-frequently-asked-questions bde-frequently-asked-questions-97-105\">\n      <div class=\"bde-faq__item\">\n      <h3 class=\"bde-faq__title-tag\">\n       <button id=\"bde-faq-105-button-1\" aria-expanded=\"false\" aria-controls=\"bde-faq-105-1\" class=\"bde-faq__question js-faq-item\">\n          <span class=\"bde-faq__title\">\u00bfEn qu\u00e9 ciudades presta servicio Vanessa's Cleaning Services?<\/span>\n                           <div aria-hidden=\"true\" class=\"bde-faq__icon bde-faq__icon--inactive\">\n                                <svg xmlns=\"http:\/\/www.w3.org\/2000\/svg\" viewbox=\"0 0 32 32\">\r\n<path d=\"M31 12h-11v-11c0-0.552-0.448-1-1-1h-6c-0.552 0-1 0.448-1 1v11h-11c-0.552 0-1 0.448-1 1v6c0 0.552 0.448 1 1 1h11v11c0 0.552 0.448 1 1 1h6c0.552 0 1-0.448 1-1v-11h11c0.552 0 1-0.448 1-1v-6c0-0.552-0.448-1-1-1z\"\/>\r\n<\/svg>\n                            <\/div>\n         \t  <div aria-hidden=\"true\" class=\"bde-faq__icon bde-faq__icon--active\">\n                                <svg xmlns=\"http:\/\/www.w3.org\/2000\/svg\" viewbox=\"0 0 448 512\"><!-- Font Awesome Free 5.15.1 by @fontawesome - https:\/\/fontawesome.com License - https:\/\/fontawesome.com\/license\/free (Icons: CC BY 4.0, Fonts: SIL OFL 1.1, Code: MIT License) --><path d=\"M416 208H32c-17.67 0-32 14.33-32 32v32c0 17.67 14.33 32 32 32h384c17.67 0 32-14.33 32-32v-32c0-17.67-14.33-32-32-32z\"\/><\/svg>\n                            <\/div>\n                  <\/button>\n      <\/h3>\n      <div role=\"region\" aria-labelledby=\"bde-faq-105-button-1\" id=\"bde-faq-105-1\" class=\"bde-faq__answer\">\n        <div class=\"bde-faq__answer-content\">\n            <div class=\"breakdance-rich-text-styles\"><p>Servimos al South Central, Downtown y Oeste de Los \u00c1ngeles, Santa M\u00f3nica, Beverly Hills, West Hollywood, Culver City, Venecia, Marina Del Rey, Huntington Park, Montebello, Commerce, Downey, Hawthorne, El Segundo, Carson, Gardena, Torrance, Inglewood , Compton, Glendale, Alhambra y m\u00e1s.<\/p><\/div>\n\n                    <\/div>\n      <\/div>\n    <\/div>\n      <div class=\"bde-faq__item\">\n      <h3 class=\"bde-faq__title-tag\">\n       <button id=\"bde-faq-105-button-2\" aria-expanded=\"false\" aria-controls=\"bde-faq-105-2\" class=\"bde-faq__question js-faq-item\">\n          <span class=\"bde-faq__title\">\u00bfQu\u00e9 tipos de servicios de limpieza ofrece Vanessa's Cleaning?<\/span>\n                           <div aria-hidden=\"true\" class=\"bde-faq__icon bde-faq__icon--inactive\">\n                                <svg xmlns=\"http:\/\/www.w3.org\/2000\/svg\" viewbox=\"0 0 32 32\">\r\n<path d=\"M31 12h-11v-11c0-0.552-0.448-1-1-1h-6c-0.552 0-1 0.448-1 1v11h-11c-0.552 0-1 0.448-1 1v6c0 0.552 0.448 1 1 1h11v11c0 0.552 0.448 1 1 1h6c0.552 0 1-0.448 1-1v-11h11c0.552 0 1-0.448 1-1v-6c0-0.552-0.448-1-1-1z\"\/>\r\n<\/svg>\n                            <\/div>\n         \t  <div aria-hidden=\"true\" class=\"bde-faq__icon bde-faq__icon--active\">\n                                <svg xmlns=\"http:\/\/www.w3.org\/2000\/svg\" viewbox=\"0 0 448 512\"><!-- Font Awesome Free 5.15.1 by @fontawesome - https:\/\/fontawesome.com License - https:\/\/fontawesome.com\/license\/free (Icons: CC BY 4.0, Fonts: SIL OFL 1.1, Code: MIT License) --><path d=\"M416 208H32c-17.67 0-32 14.33-32 32v32c0 17.67 14.33 32 32 32h384c17.67 0 32-14.33 32-32v-32c0-17.67-14.33-32-32-32z\"\/><\/svg>\n                            <\/div>\n                  <\/button>\n      <\/h3>\n      <div role=\"region\" aria-labelledby=\"bde-faq-105-button-2\" id=\"bde-faq-105-2\" class=\"bde-faq__answer\">\n        <div class=\"bde-faq__answer-content\">\n            <div class=\"breakdance-rich-text-styles\"><p>Brindamos una amplia gama de servicios, que incluyen servicio completo de limpieza y desinfecci\u00f3n, limpieza de oficinas, limpieza comercial, limpieza de Airbnb, limpieza de entrada y salida, limpieza posterior a la construcci\u00f3n, servicios de day porter, entre otros.<\/p><p>Para ver la lista completa haz clic en el siguiente bot\u00f3n:<\/p><\/div>\n\n                              \n                                    \n    \n    \n    \n    \n            \n                    \n            \n            \n\n    \n    \n    \n    \n    \n    <a class=\"breakdance-link button-atom button-atom--primary bde-faq__btn\" href=\"\/es\/services\/\" target=\"_self\" data-type=\"url\"  >\n\n    \n        <span class=\"button-atom__text\">Nuestros Servicios<\/span>\n\n        \n        \n                <\/a>\n\n    \n\n                    <\/div>\n      <\/div>\n    <\/div>\n      <div class=\"bde-faq__item\">\n      <h3 class=\"bde-faq__title-tag\">\n       <button id=\"bde-faq-105-button-3\" aria-expanded=\"false\" aria-controls=\"bde-faq-105-3\" class=\"bde-faq__question js-faq-item\">\n          <span class=\"bde-faq__title\">\u00bfLos productos de limpieza utilizados por Vanessa's Cleaning Services son seguros para el medio ambiente?<\/span>\n                           <div aria-hidden=\"true\" class=\"bde-faq__icon bde-faq__icon--inactive\">\n                                <svg xmlns=\"http:\/\/www.w3.org\/2000\/svg\" viewbox=\"0 0 32 32\">\r\n<path d=\"M31 12h-11v-11c0-0.552-0.448-1-1-1h-6c-0.552 0-1 0.448-1 1v11h-11c-0.552 0-1 0.448-1 1v6c0 0.552 0.448 1 1 1h11v11c0 0.552 0.448 1 1 1h6c0.552 0 1-0.448 1-1v-11h11c0.552 0 1-0.448 1-1v-6c0-0.552-0.448-1-1-1z\"\/>\r\n<\/svg>\n                            <\/div>\n         \t  <div aria-hidden=\"true\" class=\"bde-faq__icon bde-faq__icon--active\">\n                                <svg xmlns=\"http:\/\/www.w3.org\/2000\/svg\" viewbox=\"0 0 448 512\"><!-- Font Awesome Free 5.15.1 by @fontawesome - https:\/\/fontawesome.com License - https:\/\/fontawesome.com\/license\/free (Icons: CC BY 4.0, Fonts: SIL OFL 1.1, Code: MIT License) --><path d=\"M416 208H32c-17.67 0-32 14.33-32 32v32c0 17.67 14.33 32 32 32h384c17.67 0 32-14.33 32-32v-32c0-17.67-14.33-32-32-32z\"\/><\/svg>\n                            <\/div>\n                  <\/button>\n      <\/h3>\n      <div role=\"region\" aria-labelledby=\"bde-faq-105-button-3\" id=\"bde-faq-105-3\" class=\"bde-faq__answer\">\n        <div class=\"bde-faq__answer-content\">\n            <div class=\"breakdance-rich-text-styles\"><p>S\u00ed, priorizamos pr\u00e1cticas ecol\u00f3gicas y utilizamos productos que sean seguros tanto para los clientes como para los empleados. Nuestro compromiso de utilizar soluciones de limpieza respetuosas con el medio ambiente garantiza un espacio limpio sin da\u00f1ar el planeta.<\/p><\/div>\n\n                    <\/div>\n      <\/div>\n    <\/div>\n      <div class=\"bde-faq__item\">\n      <h3 class=\"bde-faq__title-tag\">\n       <button id=\"bde-faq-105-button-4\" aria-expanded=\"false\" aria-controls=\"bde-faq-105-4\" class=\"bde-faq__question js-faq-item\">\n          <span class=\"bde-faq__title\">\u00bfPuedo programar un servicio de limpieza profunda de una sola vez con Vanessa's Cleaning?<\/span>\n                           <div aria-hidden=\"true\" class=\"bde-faq__icon bde-faq__icon--inactive\">\n                                <svg xmlns=\"http:\/\/www.w3.org\/2000\/svg\" viewbox=\"0 0 32 32\">\r\n<path d=\"M31 12h-11v-11c0-0.552-0.448-1-1-1h-6c-0.552 0-1 0.448-1 1v11h-11c-0.552 0-1 0.448-1 1v6c0 0.552 0.448 1 1 1h11v11c0 0.552 0.448 1 1 1h6c0.552 0 1-0.448 1-1v-11h11c0.552 0 1-0.448 1-1v-6c0-0.552-0.448-1-1-1z\"\/>\r\n<\/svg>\n                            <\/div>\n         \t  <div aria-hidden=\"true\" class=\"bde-faq__icon bde-faq__icon--active\">\n                                <svg xmlns=\"http:\/\/www.w3.org\/2000\/svg\" viewbox=\"0 0 448 512\"><!-- Font Awesome Free 5.15.1 by @fontawesome - https:\/\/fontawesome.com License - https:\/\/fontawesome.com\/license\/free (Icons: CC BY 4.0, Fonts: SIL OFL 1.1, Code: MIT License) --><path d=\"M416 208H32c-17.67 0-32 14.33-32 32v32c0 17.67 14.33 32 32 32h384c17.67 0 32-14.33 32-32v-32c0-17.67-14.33-32-32-32z\"\/><\/svg>\n                            <\/div>\n                  <\/button>\n      <\/h3>\n      <div role=\"region\" aria-labelledby=\"bde-faq-105-button-4\" id=\"bde-faq-105-4\" class=\"bde-faq__answer\">\n        <div class=\"bde-faq__answer-content\">\n            <div class=\"breakdance-rich-text-styles\"><p>\u00a1Absolutamente! Ofrecemos servicios de limpieza profunda de una sola vez para clientes que necesitan una limpieza exhaustiva e integral de su propiedad. Es una excelente opci\u00f3n para ocasiones especiales o necesidades peri\u00f3dicas de limpieza profunda.<\/p><\/div>\n\n                    <\/div>\n      <\/div>\n    <\/div>\n      <div class=\"bde-faq__item\">\n      <h3 class=\"bde-faq__title-tag\">\n       <button id=\"bde-faq-105-button-5\" aria-expanded=\"false\" aria-controls=\"bde-faq-105-5\" class=\"bde-faq__question js-faq-item\">\n          <span class=\"bde-faq__title\">\u00bfC\u00f3mo reservo servicios de limpieza con Vanessa's Cleaning?<\/span>\n                           <div aria-hidden=\"true\" class=\"bde-faq__icon bde-faq__icon--inactive\">\n                                <svg xmlns=\"http:\/\/www.w3.org\/2000\/svg\" viewbox=\"0 0 32 32\">\r\n<path d=\"M31 12h-11v-11c0-0.552-0.448-1-1-1h-6c-0.552 0-1 0.448-1 1v11h-11c-0.552 0-1 0.448-1 1v6c0 0.552 0.448 1 1 1h11v11c0 0.552 0.448 1 1 1h6c0.552 0 1-0.448 1-1v-11h11c0.552 0 1-0.448 1-1v-6c0-0.552-0.448-1-1-1z\"\/>\r\n<\/svg>\n                            <\/div>\n         \t  <div aria-hidden=\"true\" class=\"bde-faq__icon bde-faq__icon--active\">\n                                <svg xmlns=\"http:\/\/www.w3.org\/2000\/svg\" viewbox=\"0 0 448 512\"><!-- Font Awesome Free 5.15.1 by @fontawesome - https:\/\/fontawesome.com License - https:\/\/fontawesome.com\/license\/free (Icons: CC BY 4.0, Fonts: SIL OFL 1.1, Code: MIT License) --><path d=\"M416 208H32c-17.67 0-32 14.33-32 32v32c0 17.67 14.33 32 32 32h384c17.67 0 32-14.33 32-32v-32c0-17.67-14.33-32-32-32z\"\/><\/svg>\n                            <\/div>\n                  <\/button>\n      <\/h3>\n      <div role=\"region\" aria-labelledby=\"bde-faq-105-button-5\" id=\"bde-faq-105-5\" class=\"bde-faq__answer\">\n        <div class=\"bde-faq__answer-content\">\n            <div class=\"breakdance-rich-text-styles\"><p>Reservar servicios de limpieza con nosotros es sencillo. Puedes contactarnos a trav\u00e9s de nuestra <a target=\"_self\" href=\"\/es\/contact\/#topHeaderBar\">forma<\/a>, llamar a nuestra oficina para hablar sobre tus requerimientos espec\u00edficos de limpieza o agendar una cita dando click en el bot\u00f3n:<\/p><\/div>\n\n                              \n                                    \n    \n    \n    \n    \n            \n                    \n            \n            \n\n    \n    \n    \n    \n    \n    <a class=\"breakdance-link button-atom button-atom--primary bde-faq__btn\" href=\"\/es\/estimate\/\" target=\"_self\" data-type=\"url\"  >\n\n    \n        <span class=\"button-atom__text\">Hacer una Cita<\/span>\n\n        \n        \n                <\/a>\n\n    \n\n                    <\/div>\n      <\/div>\n    <\/div>\n  \n<\/div>\n<\/div><\/div><\/div>\n<\/section>\n<\/div>","protected":false},"excerpt":{"rendered":"<p>Let&#8217;s Connect You&#8217;ll find all the ways to contact us listed belowPick your preferred method, and we&#8217;ll respond as soon as possible Get In Touch +1 (323) 787 &#8211; 7965 info@vanessascleanings.com 2202 S. Figueroa St. # 529Los Angeles, CA. 90007 Working Hours Monday 9 AM &#8211; 5 PM Tuesday 9 AM &#8211; 5 PM Wednesday [&hellip;]<\/p>","protected":false},"author":1,"featured_media":0,"parent":0,"menu_order":7,"comment_status":"closed","ping_status":"closed","template":"","meta":{"footnotes":"","_breakdance_hide_in_design_set":false,"_breakdance_tags":""},"_links":{"self":[{"href":"https:\/\/vanessascleanings.com\/es\/wp-json\/wp\/v2\/pages\/21"}],"collection":[{"href":"https:\/\/vanessascleanings.com\/es\/wp-json\/wp\/v2\/pages"}],"about":[{"href":"https:\/\/vanessascleanings.com\/es\/wp-json\/wp\/v2\/types\/page"}],"author":[{"embeddable":true,"href":"https:\/\/vanessascleanings.com\/es\/wp-json\/wp\/v2\/users\/1"}],"replies":[{"embeddable":true,"href":"https:\/\/vanessascleanings.com\/es\/wp-json\/wp\/v2\/comments?post=21"}],"version-history":[{"count":32,"href":"https:\/\/vanessascleanings.com\/es\/wp-json\/wp\/v2\/pages\/21\/revisions"}],"predecessor-version":[{"id":501,"href":"https:\/\/vanessascleanings.com\/es\/wp-json\/wp\/v2\/pages\/21\/revisions\/501"}],"wp:attachment":[{"href":"https:\/\/vanessascleanings.com\/es\/wp-json\/wp\/v2\/media?parent=21"}],"curies":[{"name":"wp","href":"https:\/\/api.w.org\/{rel}","templated":true}]}}