{"id":25,"date":"2023-07-21T01:44:09","date_gmt":"2023-07-21T08:44:09","guid":{"rendered":"https:\/\/vanessascleanings.com\/?page_id=25"},"modified":"2023-10-03T15:19:52","modified_gmt":"2023-10-03T22:19:52","slug":"about-us","status":"publish","type":"page","link":"https:\/\/vanessascleanings.com\/es\/about-us\/","title":{"rendered":"Sobre Nosotros"},"content":{"rendered":"<div class=\"bde-globalblock-25-158 bde-globalblock\">\n<section class=\"bde-section-481-100-481-1 bde-section bde-section-481-100\">\n  \n  \n\t\n\n\n\n<div class=\"section-container\"><div class=\"bde-image-481-101-481-1 bde-image bde-image-481-101\">\n<figure class=\"breakdance-image breakdance-image--427\">\n\t<div class=\"breakdance-image-container\">\n\t\t<div class=\"breakdance-image-clip\"><img class=\"breakdance-image-object\" src=\"https:\/\/vanessascleanings.com\/wp-content\/uploads\/2023\/07\/BBB-2.png\" width=\"1384\" height=\"430\" srcset=\"https:\/\/vanessascleanings.com\/wp-content\/uploads\/2023\/07\/BBB-2.png 1384w, https:\/\/vanessascleanings.com\/wp-content\/uploads\/2023\/07\/BBB-2-300x93.png 300w, https:\/\/vanessascleanings.com\/wp-content\/uploads\/2023\/07\/BBB-2-1024x318.png 1024w, https:\/\/vanessascleanings.com\/wp-content\/uploads\/2023\/07\/BBB-2-768x239.png 768w\" sizes=\"(max-width: 1384px) 100vw, 1384px\" loading=\"lazy\"><\/div>\n\t<\/div><\/figure>\n\n<\/div><\/div>\n<\/section>\n<\/div><section id=\"topHeaderBar\" class=\"bde-section-25-152 bde-section\">\n  \n  \n\t\n\n\n\n<div class=\"section-container\"><div class=\"bde-div-25-153 bde-div\" data-entrance=\"fade\">\n              \n  \n  \n\t\n\n\n\n<h1 class=\"bde-heading-25-154 bde-heading\">\nSobre Nuestra Compa\u00f1\u00eda\n<\/h1><div class=\"bde-text-25-155 bde-text\">\nServicios de Limpieza Basados en Calidad y Confianza\n<\/div>\n<\/div><\/div>\n<\/section><section class=\"bde-section-25-103 bde-section\">\n  \n  \n\t\n\n\n\n<div class=\"section-container\"><h3 class=\"bde-heading-25-105 bde-heading\">\nUn Poco de Historia Sobre Nosotros\n<\/h3><div class=\"bde-rich-text-25-106 bde-rich-text breakdance-rich-text-styles\">\n<p>Fundada hace m\u00e1s de una d\u00e9cada, Vanessa's Cleaning Services comenz\u00f3 su camino con una visi\u00f3n y pasi\u00f3n por los espacios impecables. Dirigida por Roxana Vanessa S\u00e1nchez, una experta en la industria de la limpieza, la empresa comenz\u00f3 como una empresa familiar comprometida con la excelencia y las pr\u00e1cticas ecol\u00f3gicas.<\/p><p>Desde sus humildes comienzos, Vanessa's Cleaning Services se ha convertido en una empresa de limpieza de buena reputaci\u00f3n que presta servicios en Los \u00c1ngeles y sus alrededores. Hoy, estamos orgullosos de ser un nombre confiable en la industria, transformando espacios y enriqueciendo vidas con nuestras soluciones de limpieza de alta calidad y nuestro enfoque personalizado.<\/p><p>Nuestra historia tiene sus ra\u00edces en la integridad, el profesionalismo y un deseo genuino de crear un entorno de vida seguro, limpio y saludable para nuestros valiosos clientes.<\/p>\n<\/div><div class=\"bde-div-25-107 bde-div\">\n  \n  \n\t\n\n\n\n<div class=\"bde-div-25-108 bde-div\">\n  \n  \n\t\n\n\n\n<div class=\"bde-rich-text-25-110 bde-rich-text breakdance-rich-text-styles\">\n<p>Lo que nos diferencia es nuestro compromiso inquebrantable con la calidad, la seguridad y el medio ambiente. Estamos orgullosos de utilizar productos de limpieza ecol\u00f3gicos y no t\u00f3xicos que sean seguros para usted, su familia, nuestros empleados y el planeta. Cuando nos eliges, contribuyes a un mundo m\u00e1s saludable y sostenible.<\/p><p>Vanessa's Cleaning Services no es s\u00f3lo un nombre; es una promesa. Una promesa de ofrecer excelencia en cada proyecto que emprendemos, de tratar su espacio con el m\u00e1ximo cuidado y de dejarle un ambiente que brilla y brilla.<\/p>\n<\/div><div class=\"bde-button-25-111 bde-button\">\n    \n                                    \n    \n    \n    \n    \n            \n                    \n            \n            \n\n    \n    \n    \n    \n    \n    <a class=\"breakdance-link button-atom button-atom--custom bde-button__button\" href=\"\/es\/services\/\" target=\"_self\" data-type=\"url\"  >\n\n    \n        <span class=\"button-atom__text\">Nuestros Servicios<\/span>\n\n        \n        \n                <\/a>\n\n    \n\n\n<\/div>\n<\/div><div class=\"bde-image-25-109 bde-image\">\n<figure class=\"breakdance-image breakdance-image--206\">\n\t<div class=\"breakdance-image-container\">\n\t\t<div class=\"breakdance-image-clip\"><img class=\"breakdance-image-object\" src=\"https:\/\/vanessascleanings.com\/wp-content\/uploads\/2023\/07\/Image-1.jpg\" width=\"1440\" height=\"1080\" srcset=\"https:\/\/vanessascleanings.com\/wp-content\/uploads\/2023\/07\/Image-1.jpg 1440w, https:\/\/vanessascleanings.com\/wp-content\/uploads\/2023\/07\/Image-1-300x225.jpg 300w, https:\/\/vanessascleanings.com\/wp-content\/uploads\/2023\/07\/Image-1-1024x768.jpg 1024w, https:\/\/vanessascleanings.com\/wp-content\/uploads\/2023\/07\/Image-1-768x576.jpg 768w\" sizes=\"(max-width: 1440px) 100vw, 1440px\" loading=\"lazy\"><\/div>\n\t<\/div><\/figure>\n\n<\/div>\n<\/div><\/div>\n<\/section><section class=\"bde-section-25-116 bde-section\">\n  \n  \n\t\n\n\n\n<div class=\"section-container\"><div class=\"bde-columns-25-117 bde-columns\"><div class=\"bde-column-25-118 bde-column\">\n  \n  \n\t\n\n\n\n<h2 class=\"bde-heading-25-120 bde-heading\">\nNuestra Misi\u00f3n\n<\/h2><div class=\"bde-rich-text-25-121 bde-rich-text breakdance-rich-text-styles\">\n<p>Nuestra misi\u00f3n en Vanessa's Cleaning Services es brindar a los clientes de Los \u00c1ngeles y sus alrededores confianza en sus entornos de vida y de trabajo libres de toxinas. Fundada por Roxana Vanessa S\u00e1nchez, nuestra empresa familiar est\u00e1 profundamente comprometida con la sostenibilidad y utiliza productos ecol\u00f3gicos para obtener resultados excepcionales. Con un enfoque centrado en el cliente, estimaciones detalladas y limpieza libre de al\u00e9rgenos, promovemos un futuro m\u00e1s saludable, feliz y sostenible, un espacio limpio a la vez.<\/p>\n<\/div>\n<\/div><div class=\"bde-column-25-119 bde-column\">\n  \n  \n\t\n\n\n\n<h2 class=\"bde-heading-25-123 bde-heading\">\nNuestra Visi\u00f3n\n<\/h2><div class=\"bde-rich-text-25-122 bde-rich-text breakdance-rich-text-styles\">\n<p>Nuestra visi\u00f3n en Vanessa's Cleaning Services es crear un entorno de vida seguro, limpio y saludable para nuestros valiosos clientes y las comunidades a las que servimos. Impulsados por un compromiso con la excelencia y las pr\u00e1cticas ecol\u00f3gicas, visualizamos un futuro donde espacios pr\u00edstinos coexisten armoniosamente con un planeta sostenible. Con Roxana Vanessa S\u00e1nchez a la cabeza, nuestra empresa familiar aspira a ser una fuerza l\u00edder en la transformaci\u00f3n de espacios y el enriquecimiento de vidas. A trav\u00e9s de soluciones personalizadas, pr\u00e1cticas transparentes y un equipo dedicado, aspiramos a ser la opci\u00f3n confiable para servicios de limpieza de alta calidad, generando un impacto positivo dondequiera que vayamos.<\/p>\n<\/div>\n<\/div><\/div><\/div>\n<\/section><div class=\"bde-globalblock-25-113 bde-globalblock\">\n<section class=\"bde-section-117-100-117-1 bde-section bde-section-117-100\">\n  \n  \n\t\n\n\n\n<div class=\"section-container\"><div class=\"bde-columns-117-101-117-1 bde-columns bde-columns-117-101\"><div class=\"bde-column-117-102-117-1 bde-column bde-column-117-102\">\n  \n  \n\t\n\n\n\n<h2 class=\"bde-heading-117-103-117-1 bde-heading bde-heading-117-103\">\n\u00bfPor qu\u00e9 nosotros?\n<\/h2>\n<\/div><div class=\"bde-column-117-104-117-1 bde-column bde-column-117-104\">\n  \n  \n\t\n\n\n\n<div class=\"bde-div-117-105-117-1 bde-div bde-div-117-105\">\n  \n  \n\t\n\n\n\n<h4 class=\"bde-heading-117-106-117-1 bde-heading bde-heading-117-106\">\nExperiencia en Limpieza Ecol\u00f3gica\n<\/h4><div class=\"bde-rich-text-117-107-117-1 bde-rich-text bde-rich-text-117-107 breakdance-rich-text-styles\">\n<p>Con m\u00e1s de una d\u00e9cada de experiencia y especializaci\u00f3n en pr\u00e1cticas ecol\u00f3gicas, Vanessa's Cleaning Services garantiza una limpieza de alta calidad que sea segura para usted, nuestros empleados y el planeta.<\/p>\n<\/div>\n<\/div><div class=\"bde-div-117-108-117-1 bde-div bde-div-117-108\">\n  \n  \n\t\n\n\n\n<h4 class=\"bde-heading-117-109-117-1 bde-heading bde-heading-117-109\">\n\u00c1mplia Gama de Servicios\n<\/h4><div class=\"bde-rich-text-117-110-117-1 bde-rich-text bde-rich-text-117-110 breakdance-rich-text-styles\">\n<p>Desde limpieza regular de oficinas hasta limpieza posterior a la construcci\u00f3n y m\u00e1s, ofrecemos una amplia gama de servicios para satisfacer sus necesidades \u00fanicas, lo que nos convierte en su soluci\u00f3n integral para todos los requisitos de limpieza.<\/p>\n<\/div>\n<\/div><div class=\"bde-div-117-111-117-1 bde-div bde-div-117-111\">\n  \n  \n\t\n\n\n\n<h4 class=\"bde-heading-117-112-117-1 bde-heading bde-heading-117-112\">\nAtenci\u00f3n al Detalle y Satisfacci\u00f3n del Cliente\n<\/h4><div class=\"bde-rich-text-117-113-117-1 bde-rich-text bde-rich-text-117-113 breakdance-rich-text-styles\">\n<p>Nuestro enfoque meticuloso y nuestro enfoque centrado en el cliente significan que no se pasa por alto ning\u00fan detalle. Puede esperar resultados excepcionales y atenci\u00f3n personalizada que priorice su satisfacci\u00f3n por encima de todo.<\/p>\n<\/div>\n<\/div>\n<\/div><\/div><\/div>\n<\/section>\n<\/div><div class=\"bde-globalblock-25-157 bde-globalblock\">\n<section class=\"bde-section-317-100-317-1 bde-section bde-section-317-100\">\n  \n  \n\t\n\n\n\n<div class=\"section-container\"><h2 class=\"bde-heading-317-101-317-1 bde-heading bde-heading-317-101\">\nValores y Principios Fundamentales\n<\/h2><div class=\"bde-div-317-102-317-1 bde-div bde-div-317-102\">\n  \n  \n\t\n\n\n\n<div class=\"bde-div-317-103-317-1 bde-div bde-div-317-103\">\n  \n  \n\t\n\n\n\n<h4 class=\"bde-heading-317-104-317-1 bde-heading bde-heading-317-104\">\nIntegridad\n<\/h4><div class=\"bde-rich-text-317-105-317-1 bde-rich-text bde-rich-text-317-105 breakdance-rich-text-styles\">\n<p>\"Hacemos lo correcto incluso cuando nadie nos mira.\"<br>- C.S. Lewis<\/p>\n<\/div>\n<\/div><div class=\"bde-div-317-106-317-1 bde-div bde-div-317-106\">\n  \n  \n\t\n\n\n\n<h4 class=\"bde-heading-317-107-317-1 bde-heading bde-heading-317-107\">\nExcelencia\n<\/h4><div class=\"bde-rich-text-317-108-317-1 bde-rich-text bde-rich-text-317-108 breakdance-rich-text-styles\">\n<p>\"La excelencia es hacer algo com\u00fan de una manera poco com\u00fan.\"<br>- Booker T. Washington<\/p>\n<\/div>\n<\/div><div class=\"bde-div-317-109-317-1 bde-div bde-div-317-109\">\n  \n  \n\t\n\n\n\n<h4 class=\"bde-heading-317-110-317-1 bde-heading bde-heading-317-110\">\nProfesionalismo\n<\/h4><div class=\"bde-rich-text-317-111-317-1 bde-rich-text bde-rich-text-317-111 breakdance-rich-text-styles\">\n<p>\"La \u00fanica fuente de conocimiento es la experiencia.\"<br>- Albert Einstein<\/p>\n<\/div>\n<\/div><div class=\"bde-div-317-112-317-1 bde-div bde-div-317-112\">\n  \n  \n\t\n\n\n\n<h4 class=\"bde-heading-317-113-317-1 bde-heading bde-heading-317-113\">\nBalance\n<\/h4><div class=\"bde-rich-text-317-114-317-1 bde-rich-text bde-rich-text-317-114 breakdance-rich-text-styles\">\n<p>\"Un hombre nunca debe descuidar a su familia por negocios.\"<br>- Walt Disney<\/p>\n<\/div>\n<\/div><div class=\"bde-div-317-115-317-1 bde-div bde-div-317-115\">\n  \n  \n\t\n\n\n\n<h4 class=\"bde-heading-317-116-317-1 bde-heading bde-heading-317-116\">\nDesarrollo de Empleados\n<\/h4><div class=\"bde-rich-text-317-117-317-1 bde-rich-text bde-rich-text-317-117 breakdance-rich-text-styles\">\n<p>\u201cAhora aceptamos el hecho de que el aprendizaje es un proceso de por vida para mantenerse al tanto del cambio. Y la tarea m\u00e1s apremiante es ense\u00f1ar a la gente a aprender.\u201d<br>- Peter Drucker<\/p>\n<\/div>\n<\/div><div class=\"bde-div-317-118-317-1 bde-div bde-div-317-118\">\n  \n  \n\t\n\n\n\n<h4 class=\"bde-heading-317-119-317-1 bde-heading bde-heading-317-119\">\nImpacto Comunitario\n<\/h4><div class=\"bde-rich-text-317-120-317-1 bde-rich-text bde-rich-text-317-120 breakdance-rich-text-styles\">\n<p>\u201cLo que cuenta en la vida no es el mero hecho de haber vivido. Es la diferencia que hayamos marcado en la vida de los dem\u00e1s lo que determinar\u00e1 la importancia de la vida que llevemos.\u201d<br>- Nelson Mandela<\/p>\n<\/div>\n<\/div>\n<\/div><\/div>\n<\/section>\n<\/div><div class=\"bde-globalblock-25-156 bde-globalblock\">\n<section class=\"bde-section-186-100-186-1 bde-section bde-section-186-100\">\n  \n  \n\t\n\n\n\n<div class=\"section-container\"><div class=\"bde-div-186-101-186-1 bde-div bde-div-186-101\">\n  \n  \n\t\n\n\n\n<h2 class=\"bde-heading-186-102-186-1 bde-heading bde-heading-186-102\">\nObt\u00e9n un Presupuesto de Limpieza Personalizado\n<\/h2><div class=\"bde-text-186-103-186-1 bde-text bde-text-186-103\">\nPerm\u00edtanos dise\u00f1ar un estimado personalizado que se ajuste a sus necesidades y presupuesto.<br>Sin presiones, ni obligaciones - simplemente d\u00e9 hoy mismo el primer paso hacia un espacio m\u00e1s limpio y feliz.\n<\/div><div class=\"bde-button-186-104-186-1 bde-button bde-button-186-104\">\n    \n                                    \n    \n    \n    \n    \n            \n                    \n            \n            \n\n    \n    \n    \n    \n    \n    <a class=\"breakdance-link button-atom button-atom--secondary bde-button__button\" href=\"\/es\/estimate\/\" target=\"_self\" data-type=\"url\"  >\n\n    \n        <span class=\"button-atom__text\">Solicita un Presupuesto Ahora<\/span>\n\n        \n        \n                <\/a>\n\n    \n\n\n<\/div>\n<\/div><\/div>\n<\/section>\n<\/div>","protected":false},"excerpt":{"rendered":"<p>About Our Company Cleaning Services Rooted in Quality and Trust A Little History About Us Founded over a decade ago, Vanessa&#8217;s Cleaning Services began its journey with a vision and a passion for spotless spaces. Led by Roxana Vanessa Sanchez, a seasoned expert in the cleaning industry, the company started as a family-owned venture committed [&hellip;]<\/p>","protected":false},"author":1,"featured_media":0,"parent":0,"menu_order":2,"comment_status":"closed","ping_status":"closed","template":"","meta":{"footnotes":"","_breakdance_hide_in_design_set":false,"_breakdance_tags":""},"_links":{"self":[{"href":"https:\/\/vanessascleanings.com\/es\/wp-json\/wp\/v2\/pages\/25"}],"collection":[{"href":"https:\/\/vanessascleanings.com\/es\/wp-json\/wp\/v2\/pages"}],"about":[{"href":"https:\/\/vanessascleanings.com\/es\/wp-json\/wp\/v2\/types\/page"}],"author":[{"embeddable":true,"href":"https:\/\/vanessascleanings.com\/es\/wp-json\/wp\/v2\/users\/1"}],"replies":[{"embeddable":true,"href":"https:\/\/vanessascleanings.com\/es\/wp-json\/wp\/v2\/comments?post=25"}],"version-history":[{"count":21,"href":"https:\/\/vanessascleanings.com\/es\/wp-json\/wp\/v2\/pages\/25\/revisions"}],"predecessor-version":[{"id":483,"href":"https:\/\/vanessascleanings.com\/es\/wp-json\/wp\/v2\/pages\/25\/revisions\/483"}],"wp:attachment":[{"href":"https:\/\/vanessascleanings.com\/es\/wp-json\/wp\/v2\/media?parent=25"}],"curies":[{"name":"wp","href":"https:\/\/api.w.org\/{rel}","templated":true}]}}